{"id":16648,"date":"2020-08-07T15:56:28","date_gmt":"2020-08-07T19:56:28","guid":{"rendered":"https:\/\/www.matelaslapensee.ca\/?page_id=16648"},"modified":"2024-05-14T10:03:46","modified_gmt":"2024-05-14T14:03:46","slug":"nos-technologies","status":"publish","type":"page","link":"https:\/\/www.matelaslapensee.ca\/fr\/nos-technologies\/","title":{"rendered":"Nos Technologies"},"content":{"rendered":"<div class=\"wpb-content-wrapper\"><p>[vc_row css=&#8221;.vc_custom_1562680033760{margin-bottom: 80px !important;}&#8221;][vc_column]\n\t\t\t<!-- START Mattress Page FR REVOLUTION SLIDER 6.7.34 --><p class=\"rs-p-wp-fix\"><\/p>\n\t\t\t<rs-module-wrap id=\"rev_slider_12_1_wrapper\" data-source=\"gallery\" style=\"visibility:hidden;background:transparent;padding:0;margin:0px auto;margin-top:0;margin-bottom:0;\">\n\t\t\t\t<rs-module id=\"rev_slider_12_1\" style=\"\" data-version=\"6.7.34\">\n\t\t\t\t\t<rs-slides style=\"overflow: hidden; position: absolute;\">\n\t\t\t\t\t\t<rs-slide style=\"position: absolute;\" data-key=\"rs-25\" data-title=\"Slide\" data-anim=\"r:0;\" data-in=\"y:-100%;\" data-out=\"a:false;\">\n\t\t\t\t\t\t\t<img fetchpriority=\"high\" decoding=\"async\" src=\"\/\/www.matelaslapensee.ca\/wp-content\/plugins\/revslider\/sr6\/assets\/assets\/dummy.png\" alt=\"\" title=\"slide3\" width=\"1900\" height=\"800\" class=\"rev-slidebg tp-rs-img rs-lazyload\" data-lazyload=\"\/\/www.matelaslapensee.ca\/wp-content\/uploads\/2019\/07\/slide3.jpg\" data-no-retina>\n<!--\n\t\t\t\t\t\t\t--><rs-layer\n\t\t\t\t\t\t\t\tid=\"slider-12-slide-25-layer-2\" \n\t\t\t\t\t\t\t\tdata-type=\"text\"\n\t\t\t\t\t\t\t\tdata-color=\"#00194b||#0d166e||#0d166e||#0d166e\"\n\t\t\t\t\t\t\t\tdata-rsp_ch=\"on\"\n\t\t\t\t\t\t\t\tdata-xy=\"x:c;y:m;\"\n\t\t\t\t\t\t\t\tdata-text=\"w:normal;s:60,44,40,30;l:66,54,50,45;fw:700;a:center,center,inherit,center;\"\n\t\t\t\t\t\t\t\tdata-dim=\"w:779px,472px,auto,416px;h:auto,auto,auto,91px;\"\n\t\t\t\t\t\t\t\tdata-frame_0=\"y:100%;tp:600;\"\n\t\t\t\t\t\t\t\tdata-frame_1=\"tp:600;e:power4.inOut;st:360;sp:2000;sR:360;\"\n\t\t\t\t\t\t\t\tdata-frame_999=\"y:175%;tp:600;e:power2.inOut;st:w;sp:1000;sR:6640;\"\n\t\t\t\t\t\t\t\tdata-frame_999_mask=\"u:t;\"\n\t\t\t\t\t\t\t\tstyle=\"z-index:5;font-family:'Poppins';\"\n\t\t\t\t\t\t\t>Explorez nos technologies de matelas \n\t\t\t\t\t\t\t<\/rs-layer><!--\n-->\t\t\t\t\t<\/rs-slide>\n\t\t\t\t\t<\/rs-slides>\n\t\t\t\t<\/rs-module>\n\t\t\t\t<script>\n\t\t\t\t\tsetREVStartSize({c: 'rev_slider_12_1',rl:[1240,1024,768,480],el:[500,300,400,300],gw:[1366,1024,778,480],gh:[500,300,400,300],type:'hero',justify:'',layout:'fullwidth',mh:\"0\"});if (window.RS_MODULES!==undefined && window.RS_MODULES.modules!==undefined && window.RS_MODULES.modules[\"revslider121\"]!==undefined) {window.RS_MODULES.modules[\"revslider121\"].once = false;window.revapi12 = undefined;if (window.RS_MODULES.checkMinimal!==undefined) window.RS_MODULES.checkMinimal()}\n\t\t\t\t<\/script>\n\t\t\t<\/rs-module-wrap>\n\t\t\t<!-- END REVOLUTION SLIDER -->\n[\/vc_column][\/vc_row][vc_row][vc_column width=&#8221;1\/2&#8243;][vc_column_text]<\/p>\n<h1 style=\"text-align: center; color: #00194b;\">Ressorts Ensach\u00e9s<\/h1>\n<p>[\/vc_column_text][vc_single_image image=&#8221;10122&#8243; img_size=&#8221;full&#8221; alignment=&#8221;center&#8221; css=&#8221;.vc_custom_1566841921765{padding-bottom: 20px !important;}&#8221;][vc_column_text]Les matelas \u00e0 ressorts ensach\u00e9s sont sans aucun doute le type le plus populaire de construction de matelas en raison de son confort id\u00e9al et de ses nombreux autres avantages! Les ressorts ensach\u00e9s s\u2019ajustent aux formes naturelles de votre corps pour un soutien personnalis\u00e9 et r\u00e9agissent intelligemment et instantan\u00e9ment aux mouvements individuels pendant votre sommeil.[\/vc_column_text][vc_single_image image=&#8221;5108&#8243; img_size=&#8221;full&#8221; alignment=&#8221;center&#8221;][vc_column_text]Pour fabriquer un matelas \u00e0 ressorts ensach\u00e9s, tous les ressorts sont plac\u00e9s dans une poche de tissu antibact\u00e9rien et sont attach\u00e9s ensemble. L\u2019avantage d\u2019avoir les ressorts ensach\u00e9s est, entre autres avantages, la s\u00e9paration compl\u00e8te de mouvement. Vous ne serez pas donc d\u00e9rang\u00e9 par les mouvements de votre partenaire pendant la nuit.<\/p>\n<p>Chaque ressort Lapens\u00e9e unique est fabriqu\u00e9 dans l\u2019usine Lapens\u00e9e situ\u00e9e \u00e0 Gatineau, au Qu\u00e9bec.<\/p>\n<p>Le fil d\u2019acier utilis\u00e9 dans la fabrication du ressort Lapens\u00e9e est chauff\u00e9 \u00e0 600 degr\u00e9s Fahrenheit avant d\u2019\u00eatre enroul\u00e9 dans une forme parfaite con\u00e7ue par M. Lapens\u00e9e afin d\u2019offrir un confort et un soutien durables dans votre matelas Lapens\u00e9e de r\u00eave.<\/p>\n<p>Notre technologie de pointe nous permet d\u2019utiliser deux fils s\u00e9par\u00e9s, pour fabriquer deux ressorts. L\u2019un tourne dans le sens horaire et l\u2019autre dans le sens antihoraire.[\/vc_column_text][vc_row_inner][vc_column_inner offset=&#8221;vc_hidden-lg vc_hidden-md vc_hidden-sm&#8221;][vc_column_text css=&#8221;.vc_custom_1569348824277{padding-bottom: 10px !important;}&#8221;]<\/p>\n<h4 style=\"text-align: center; color: #00194b;\">\u00c0 partir de: $219<\/h4>\n<p>[\/vc_column_text][vc_btn title=&#8221;Magasiner les matelas \u00e0 ressorts ensach\u00e9s&#8221; size=&#8221;lg&#8221; align=&#8221;center&#8221; button_block=&#8221;true&#8221; link=&#8221;url:%2Ffr%2Fshop%2F%3Fswoof%3D1%26product_cat%3Dmatelas-ressorts-ensaches|||&#8221; css=&#8221;.vc_custom_1572277432003{padding-bottom: 10px !important;}&#8221;][\/vc_column_inner][\/vc_row_inner][\/vc_column][vc_column width=&#8221;1\/2&#8243;][vc_column_text]<\/p>\n<h1 style=\"text-align: center; color: #00194b;\">Mousses<\/h1>\n<p>[\/vc_column_text][vc_single_image image=&#8221;10124&#8243; img_size=&#8221;full&#8221; alignment=&#8221;center&#8221; css=&#8221;.vc_custom_1566841933641{padding-bottom: 20px !important;}&#8221;][vc_column_text]Les matelas en mousse naturelle sont une option populaire lorsque la hauteur ou le poids du lit est une pr\u00e9occupation. Par exemple, ils sont souvent utilis\u00e9s pour les matelas de v\u00e9hicules r\u00e9cr\u00e9atifs, yachts, canap\u00e9s-lits, lits pliants (lits Murphy), etc., ou tout simplement lorsque le confort d\u2019un matelas en mousse est pr\u00e9f\u00e9r\u00e9!<\/p>\n<p>&nbsp;[\/vc_column_text][vc_single_image image=&#8221;5110&#8243; img_size=&#8221;full&#8221; alignment=&#8221;center&#8221;][vc_column_text]Notre mousse de soja douce et luxueuse bercera chaque partie de votre corps pour assurer un confort exceptionnel et le soulagement de la pression.<\/p>\n<p>Les mousses de soja \u00e0 haute densit\u00e9 ou tr\u00e8s haute densit\u00e9 utilis\u00e9es dans la fabrication de matelas Lapens\u00e9e sont un cran au-dessus de tout autre produit similaire sur le march\u00e9. Notre technologie et nos 115 ans d\u2019exp\u00e9rience dans la fabrication de matelas nous ont aid\u00e9s \u00e0 perfectionner notre m\u00e9lange de mati\u00e8res de premi\u00e8re qualit\u00e9, utilis\u00e9es dans la production de la mousse de soja Lapens\u00e9e.<\/p>\n<p>\u00c0 noter \u00e9galement que la mousse pure d\u00e9crite ici est la m\u00eame que celle que nous utilisons pour ajouter une couche de confort \u00e0 nos matelas \u00e0 ressorts ensach\u00e9s.[\/vc_column_text][vc_row_inner][vc_column_inner offset=&#8221;vc_hidden-lg vc_hidden-md vc_hidden-sm&#8221;][vc_column_text css=&#8221;.vc_custom_1569348824277{padding-bottom: 10px !important;}&#8221;]<\/p>\n<h4 style=\"text-align: center; color: #00194b;\">\u00c0 partir de: $219<\/h4>\n<p>[\/vc_column_text][vc_btn title=&#8221;Magasiner les matelas en mousse&#8221; size=&#8221;lg&#8221; align=&#8221;center&#8221; button_block=&#8221;true&#8221; link=&#8221;url:%2Ffr%2Fshop%2F%3Fswoof%3D1%26product_cat%3Dmatelas-en-mousses|||&#8221; css=&#8221;.vc_custom_1572277470678{padding-bottom: 10px !important;}&#8221;][\/vc_column_inner][\/vc_row_inner][\/vc_column][\/vc_row][vc_row][vc_column width=&#8221;1\/2&#8243; offset=&#8221;vc_hidden-xs&#8221;][vc_column_text css=&#8221;.vc_custom_1569348824277{padding-bottom: 10px !important;}&#8221;]<\/p>\n<h4 style=\"text-align: center; color: #00194b;\">\u00c0 partir de: $219<\/h4>\n<p>[\/vc_column_text][vc_btn title=&#8221;Magasiner les matelas \u00e0 ressorts ensach\u00e9s&#8221; size=&#8221;lg&#8221; align=&#8221;center&#8221; button_block=&#8221;true&#8221; link=&#8221;url:%2Ffr%2Fcategorie-produit%2Fmatelas-ressorts-ensaches%2F|||&#8221; css=&#8221;.vc_custom_1564692162718{padding-bottom: 10px !important;}&#8221;][\/vc_column][vc_column width=&#8221;1\/2&#8243; offset=&#8221;vc_hidden-xs&#8221;][vc_column_text css=&#8221;.vc_custom_1569348824277{padding-bottom: 10px !important;}&#8221;]<\/p>\n<h4 style=\"text-align: center; color: #00194b;\">\u00c0 partir de: $219<\/h4>\n<p>[\/vc_column_text][vc_btn title=&#8221;Magasiner les matelas en mousse&#8221; size=&#8221;lg&#8221; align=&#8221;center&#8221; button_block=&#8221;true&#8221; link=&#8221;url:%2Ffr%2Fcategorie-produit%2Fmatelas-en-mousses%2F|||&#8221; css=&#8221;.vc_custom_1564692656019{padding-bottom: 10px !important;}&#8221;][\/vc_column][\/vc_row][vc_row][vc_column offset=&#8221;vc_hidden-lg vc_hidden-md vc_hidden-sm vc_col-xs-12&#8243;][\/vc_column][\/vc_row][vc_row full_width=&#8221;stretch_row&#8221; css=&#8221;.vc_custom_1562768279270{margin-top: 50px !important;margin-bottom: 50px !important;padding-top: 50px !important;padding-bottom: 50px !important;background-color: #00194b !important;}&#8221;][vc_column][vc_column_text]<\/p>\n<h2 style=\"text-align: center; color: white;\">Mat\u00e9riaux de haute qualit\u00e9<\/h2>\n<p>[\/vc_column_text][\/vc_column][\/vc_row][vc_row][vc_column width=&#8221;1\/2&#8243;][vc_column_text]<\/p>\n<h1 style=\"text-align: center; color: #00194b;\">MOUSSE DE LATEX NATUREL<\/h1>\n<p>[\/vc_column_text][vc_column_text]La mousse de latex naturel est une alternative \u00e0 la couche de confort en mousse de soja dans tout matelas inclus dans nos collections Confort, Luxueux et Mousse de qualit\u00e9 sup\u00e9rieure. Le latex naturel Talalay s\u2019ajuste instantan\u00e9ment aux contours de votre corps pour soulager la pression.<\/p>\n<p>Chaque fois que l\u2019option de latex est s\u00e9lectionn\u00e9e, nous allons concevoir votre nouveau matelas avec le tissu de coton biologique le plus pur et le plus luxueux, matelass\u00e9 avec de la laine.<\/p>\n<p>La mousse de latex naturel Talalay est d\u00e9riv\u00e9e de la s\u00e8ve de l\u2019arbre \u00e0 caoutchouc (Hevea brasiliensis). Il existe de nombreuses fa\u00e7ons de fabriquer des produits en latex, mais le processus Talalay est de loin le plus avanc\u00e9, cr\u00e9ant un produit des plus durables et r\u00e9silients. C\u2019est le seul latex utilis\u00e9 dans les matelas Lapens\u00e9e.[\/vc_column_text][vc_column_text]<strong>LE PROCESSUS TALALAY EST COMPOS\u00c9 DE 7 \u00c9TAPES CRUCIALES POUR ASSURER LA COH\u00c9RENCE ET LA R\u00c9SILIENCE DU PRODUIT:<\/strong><\/p>\n<ul>\n<li><b>M\u00e9langer: <\/b>La s\u00e8ve de latex et des agents de durcissement sont savamment mari\u00e9s pour cr\u00e9er un m\u00e9lange unique.<\/li>\n<li><b>Verser: <\/b>Le m\u00e9lange est ensuite vers\u00e9 dans un moule.<\/li>\n<li><b>Vide et gel: <\/b>Le moule est scell\u00e9 et un aspirateur extrait tout l\u2019air de telle sorte que le latex remplit compl\u00e8tement le moule. Le latex est ensuite refroidi. La cong\u00e9lation emp\u00eache les particules de se d\u00e9poser et assure une structure cellulaire uniforme.<\/li>\n<li><b>Chauffer: <\/b>Le processus de durcissement a commenc\u00e9!<\/li>\n<li><b>Laver: <\/b>Chaque surmatelas ou oreiller est lav\u00e9 \u00e0 travers cinq \u00e9tapes lors desquelles de l\u2019eau fra\u00eeche rince tout pour \u00e9liminer compl\u00e8tement les r\u00e9sidus.<\/li>\n<li><b>S\u00e9chage: <\/b>La base est transport\u00e9e vers un s\u00e9cheur \u00e0 deux voies, ce qui compl\u00e8te le processus de durcissement et \u00e9limine toute trace d\u2019humidit\u00e9 r\u00e9siduelle.<\/li>\n<li><b>Contr\u00f4le de qualit\u00e9: <\/b>Une fois secs, tous les surmatelas et oreillers subissent un test rigoureux de pression\/fermet\u00e9\/conformit\u00e9 de neuf points pour assurer que toutes les unit\u00e9s sont conformes aux normes de haute qualit\u00e9 avec une m\u00eame densit\u00e9. Tout est pr\u00eat pour que vous puissiez profiter du latex confortable de qualit\u00e9 sup\u00e9rieure!<\/li>\n<\/ul>\n<p>[\/vc_column_text][vc_row_inner][vc_column_inner offset=&#8221;vc_hidden-lg vc_hidden-md vc_hidden-sm&#8221;][vc_column_text css=&#8221;.vc_custom_1569348824277{padding-bottom: 10px !important;}&#8221;]<\/p>\n<h4 style=\"text-align: center; color: #00194b;\">\u00c0 partir de: $219<\/h4>\n<p>[\/vc_column_text][vc_btn title=&#8221;Magasiner les matelas \u00e0 ressorts ensach\u00e9s&#8221; size=&#8221;lg&#8221; align=&#8221;center&#8221; button_block=&#8221;true&#8221; link=&#8221;url:%2Ffr%2Fshop%2F%3Fswoof%3D1%26product_cat%3Dmatelas-ressorts-ensaches|||&#8221; css=&#8221;.vc_custom_1572277432003{padding-bottom: 10px !important;}&#8221;][\/vc_column_inner][\/vc_row_inner][\/vc_column][vc_column width=&#8221;1\/2&#8243;][vc_column_text]<\/p>\n<h1 style=\"text-align: center; color: #00194b;\">MOUSSE M\u00c9MOIRE<\/h1>\n<p>[\/vc_column_text][vc_column_text]La mousse m\u00e9moire Lapens\u00e9e est une excellente alternative \u00e0 la couche de confort en mousse de soja de tous nos matelas des collections Confort, Luxueux ou Mousse de qualit\u00e9 sup\u00e9rieure.[\/vc_column_text][vc_column_text]La mousse Lapens\u00e9e est un excellent substitut pour la traditionnelle \u2013 et d\u00e9pass\u00e9e \u2013 mousse m\u00e9moire \u00e0 restauration lente. Elle est une v\u00e9ritable r\u00e9volution et fi\u00e8rement acclam\u00e9e comme \u00e9tant la prochaine g\u00e9n\u00e9ration de confort car elle r\u00e9pond imm\u00e9diatement aux contours de votre corps pour soulager la pression.<\/p>\n<p>Contrairement \u00e0 la mousse m\u00e9moire traditionnelle, la mousse Lapens\u00e9e conserve sa fra\u00eecheur. Elle est sensible \u00e0 la temp\u00e9rature, de sorte que la chaleur se dissipe rapidement et vous garde au frais sur une surface s\u00e8che \u00e0 toutes les nuits.<\/p>\n<p>Sa technologie de soutien de l\u2019air utilise des milliards de capsules d\u2019air microscopiques qui deviennent des coussins absorbants de choc tout en soutenant et soulageant la pression.[\/vc_column_text][vc_row_inner][vc_column_inner offset=&#8221;vc_hidden-lg vc_hidden-md vc_hidden-sm&#8221;][vc_column_text css=&#8221;.vc_custom_1569348824277{padding-bottom: 10px !important;}&#8221;]<\/p>\n<h4 style=\"text-align: center; color: #00194b;\">\u00c0 partir de: $219<\/h4>\n<p>[\/vc_column_text][vc_btn title=&#8221;Magasiner les matelas en mousse&#8221; size=&#8221;lg&#8221; align=&#8221;center&#8221; button_block=&#8221;true&#8221; link=&#8221;url:%2Ffr%2Fshop%2F%3Fswoof%3D1%26product_cat%3Dmatelas-en-mousses|||&#8221; css=&#8221;.vc_custom_1572277470678{padding-bottom: 10px !important;}&#8221;][\/vc_column_inner][\/vc_row_inner][\/vc_column][\/vc_row][vc_row][vc_column offset=&#8221;vc_hidden-lg vc_hidden-md vc_hidden-sm vc_col-xs-12&#8243;][\/vc_column][\/vc_row][vc_row full_width=&#8221;stretch_row&#8221; css=&#8221;.vc_custom_1562768279270{margin-top: 50px !important;margin-bottom: 50px !important;padding-top: 50px !important;padding-bottom: 50px !important;background-color: #00194b !important;}&#8221;][vc_column][vc_column_text]<\/p>\n<h2 style=\"text-align: center; color: white;\">Matelas Sur-Mesure Pour Vos Besoins Uniques<\/h2>\n<p>[\/vc_column_text][\/vc_column][\/vc_row][vc_row equal_height=&#8221;yes&#8221;][vc_column width=&#8221;1\/2&#8243;][vc_column_text]<\/p>\n<h2 style=\"text-align: center;\">Sur-Mesure<\/h2>\n<p>[\/vc_column_text][vc_column_text css=&#8221;.vc_custom_1564690632766{padding-bottom: 10px !important;}&#8221;]<\/p>\n<p style=\"text-align: center;\">Impossible de trouver le\u00a0<strong>matelas sur mesure<\/strong> qui convient \u00e0 vos besoins sp\u00e9cifiques? Que vous ayez besoin de remplacer le matelas dans votre VR ou votre bateau, ou si vous avez simplement besoin d\u2019une taille sp\u00e9ciale pour vos jambes extra longues, ne cherchez pas plus loin! Tous nos matelas peuvent \u00eatre personnalis\u00e9s en longueur, largeur, et m\u00eame en des formes bizarres, et ce, \u00e0 un prix plus bas que ce que vous vous imaginez!<\/p>\n<p>[\/vc_column_text][vc_single_image image=&#8221;6712&#8243; img_size=&#8221;full&#8221;][vc_column_text css=&#8221;.vc_custom_1569348894561{padding-bottom: 10px !important;}&#8221;]<\/p>\n<h4 style=\"text-align: center; color: #00194b;\">Contactez-nous pour commander votre matelas sur mesure<\/h4>\n<p>[\/vc_column_text][vc_btn title=&#8221;Commander un matelas sur mesure&#8221; size=&#8221;lg&#8221; align=&#8221;center&#8221; button_block=&#8221;true&#8221; link=&#8221;url:%2Ffr%2Fcustom-mattress%2F|||&#8221;][\/vc_column][vc_column width=&#8221;1\/2&#8243;][vc_column_text]<\/p>\n<h2 style=\"text-align: center;\">Matelas pour animaux<\/h2>\n<p>[\/vc_column_text][vc_column_text css=&#8221;.vc_custom_1715695315548{padding-bottom: 10px !important;}&#8221;]<\/p>\n<div class=\"eut-row eut-bookmark\">\n<div class=\"eut-column wpb_column eut-column-1-2\">\n<div class=\"eut-element eut-box-icon eut-align-left eut-medium eut-with-shape\">\n<div class=\"eut-box-content\">\n<p class=\"\" style=\"text-align: center;\">On n\u2019a oubli\u00e9 personne! Nos amis \u00e0 quatre pattes peuvent d\u00e9sormais \u00e9galement profiter de la diff\u00e9rence Lapens\u00e9e gr\u00e2ce aux matelas pour animaux! Chiens, chats, licornes, tout le monde est bienvenue. Nous adaptons les matelas \u00e0 la taille dont vous avez besoin et nous les couvrons d\u2019un tissu en vinyle pour faciliter les nettoyages!<\/p>\n<\/div>\n<\/div>\n<\/div>\n<\/div>\n<p>[\/vc_column_text][vc_single_image image=&#8221;10723&#8243; img_size=&#8221;540&#215;360&#8243; css=&#8221;.vc_custom_1568221837807{margin-top: 53px !important;}&#8221;][vc_column_text css=&#8221;.vc_custom_1570110438995{padding-bottom: 10px !important;}&#8221;]<\/p>\n<h4 style=\"text-align: center; color: #00194b;\">\u00c0 partir de: $129<\/h4>\n<p>[\/vc_column_text][vc_btn title=&#8221;Commander un matelas pour animaux&#8221; size=&#8221;lg&#8221; align=&#8221;center&#8221; button_block=&#8221;true&#8221; link=&#8221;url:%2Ffr%2Fproduct%2Fpet-mattress%2F|||&#8221;][\/vc_column][\/vc_row][vc_row full_width=&#8221;stretch_row&#8221; css=&#8221;.vc_custom_1562768279270{margin-top: 50px !important;margin-bottom: 50px !important;padding-top: 50px !important;padding-bottom: 50px !important;background-color: #00194b !important;}&#8221;][vc_column][vc_column_text]<\/p>\n<h2 style=\"text-align: center; color: white;\">Nouvelle Addition \u00e0 la famille?<\/h2>\n<h2 style=\"text-align: center; color: white;\">Explorez Nos Matelas Pour B\u00e9b\u00e9<\/h2>\n<p>[\/vc_column_text][\/vc_column][\/vc_row][vc_row][vc_column][vc_column_text]<\/p>\n<h1 style=\"text-align: center; color: #00194b;\">Matelas Pour B\u00e9b\u00e9<\/h1>\n<p>[\/vc_column_text][\/vc_column][\/vc_row][vc_row equal_height=&#8221;yes&#8221;][vc_column width=&#8221;1\/3&#8243;][vc_single_image image=&#8221;6085&#8243; css=&#8221;.vc_custom_1564669222060{padding-bottom: 10px !important;}&#8221;][vc_column_text css=&#8221;.vc_custom_1564681844864{padding-bottom: 10px !important;}&#8221;]Le sommeil de nos tout-petits est si important! Assurez-vous qu\u2019ils dorment sur leurs deux oreilles avec notre gamme de matelas pour b\u00e9b\u00e9. Que ce soit pour une bassinette, un petit berceau ou un parc pour enfant, nous fabriquerons sur mesure (et rapidement!) le premier matelas de votre tout-petit![\/vc_column_text][\/vc_column][vc_column width=&#8221;1\/3&#8243;][vc_single_image image=&#8221;6081&#8243; css=&#8221;.vc_custom_1564669227568{padding-bottom: 10px !important;}&#8221;][vc_column_text css=&#8221;.vc_custom_1564681858674{padding-bottom: 10px !important;}&#8221;]Un c\u00f4t\u00e9 du matelas a une couverture extensible imperm\u00e9able en vinyle de luxe (parfait pour les nouveau-n\u00e9s jusqu\u2019\u00e0 6 mois).<br \/>\nL\u2019autre c\u00f4t\u00e9 est une couverture en tissu doux (parfait pour les b\u00e9b\u00e9s de 6 mois \u00e0 2 ans).[\/vc_column_text][\/vc_column][vc_column width=&#8221;1\/3&#8243;][vc_single_image image=&#8221;6083&#8243; css=&#8221;.vc_custom_1564669232727{padding-bottom: 10px !important;}&#8221;][vc_column_text css=&#8221;.vc_custom_1571759871045{padding-bottom: 10px !important;}&#8221;]Fabriqu\u00e9 avec de la mousse pure de haute densit\u00e9 certifi\u00e9 par <a href=\"http:\/\/certipur.us\/\" target=\"_blank\" rel=\"noopener noreferrer\">CERTI PUR US<\/a>\u00a0pour un environnement de sommeil sain.[\/vc_column_text][\/vc_column][\/vc_row][vc_row css=&#8221;.vc_custom_1564669278122{margin-bottom: 50px !important;padding-bottom: 10px !important;}&#8221;][vc_column][vc_btn title=&#8221;Magasiner les matelas pour b\u00e9b\u00e9&#8221; size=&#8221;lg&#8221; align=&#8221;center&#8221; button_block=&#8221;true&#8221; link=&#8221;url:%2Ffr%2Fproduit%2Fmatelas-pour-bebe%2F|||&#8221;][\/vc_column][\/vc_row][vc_row full_width=&#8221;stretch_row_content_no_spaces&#8221;][vc_column]\n\t\t\t<!-- START Homepage Bottom FR REVOLUTION SLIDER 6.7.34 --><p class=\"rs-p-wp-fix\"><\/p>\n\t\t\t<rs-module-wrap id=\"rev_slider_13_2_wrapper\" data-source=\"gallery\" style=\"visibility:hidden;background:transparent;padding:0;margin:0px auto;margin-top:0;margin-bottom:0;\">\n\t\t\t\t<rs-module id=\"rev_slider_13_2\" style=\"\" data-version=\"6.7.34\">\n\t\t\t\t\t<rs-slides style=\"overflow: hidden; position: absolute;\">\n\t\t\t\t\t\t<rs-slide style=\"position: absolute;\" data-key=\"rs-26\" data-title=\"Slide\" data-anim=\"r:0;\" data-in=\"o:1;y:-100%;\" data-out=\"y:60%;\">\n\t\t\t\t\t\t\t<img decoding=\"async\" src=\"\/\/www.matelaslapensee.ca\/wp-content\/plugins\/revslider\/sr6\/assets\/assets\/dummy.png\" alt=\"\" title=\"Nos Technologies\" class=\"rev-slidebg tp-rs-img rs-lazyload\" data-lazyload=\"\/\/www.matelaslapensee.ca\/wp-content\/uploads\/2019\/07\/lapansee-finals-frontdesk-finals-ericvancestudio-1.png\" data-no-retina>\n<!--\n\t\t\t\t\t\t\t--><rs-layer\n\t\t\t\t\t\t\t\tid=\"slider-13-slide-26-layer-2\" \n\t\t\t\t\t\t\t\tdata-type=\"text\"\n\t\t\t\t\t\t\t\tdata-color=\"#00194b||#0d166e||#0d166e||#0d166e\"\n\t\t\t\t\t\t\t\tdata-rsp_ch=\"on\"\n\t\t\t\t\t\t\t\tdata-xy=\"x:l,l,c,c;xo:203px,68px,0,-63px;y:m,t,t,m;yo:-20px,78px,109px,-33px;\"\n\t\t\t\t\t\t\t\tdata-text=\"w:normal;s:56,44,40,30;l:66,54,50,45;fw:700;a:center,inherit,inherit,left;\"\n\t\t\t\t\t\t\t\tdata-dim=\"w:657px,564px,auto,300px;h:auto,auto,auto,137px;\"\n\t\t\t\t\t\t\t\tdata-frame_0=\"y:100%;tp:600;\"\n\t\t\t\t\t\t\t\tdata-frame_1=\"tp:600;e:power4.inOut;st:360;sp:2000;sR:360;\"\n\t\t\t\t\t\t\t\tdata-frame_999=\"y:175%;tp:600;e:power2.inOut;st:w;sp:1000;sR:6640;\"\n\t\t\t\t\t\t\t\tdata-frame_999_mask=\"u:t;\"\n\t\t\t\t\t\t\t\tstyle=\"z-index:5;font-family:'Poppins';\"\n\t\t\t\t\t\t\t>Explorez la collection de matelas Lapens\u00e9e  \n\t\t\t\t\t\t\t<\/rs-layer><!--\n\n\t\t\t\t\t\t\t--><rs-layer\n\t\t\t\t\t\t\t\tid=\"slider-13-slide-26-layer-4\" \n\t\t\t\t\t\t\t\tclass=\"rev-btn\"\n\t\t\t\t\t\t\t\tdata-type=\"button\"\n\t\t\t\t\t\t\t\tdata-color=\"#ffffff||rgba(255,255,255,1)||rgba(255,255,255,1)||rgba(255,255,255,1)\"\n\t\t\t\t\t\t\t\tdata-xy=\"x:c,l,c,c;xo:-145px,70px,0,-111px;y:m,m,t,m;yo:94px,62px,277px,78px;\"\n\t\t\t\t\t\t\t\tdata-text=\"s:16,14,14,13;l:55,40,40,40;fw:500;a:center,inherit,inherit,inherit;\"\n\t\t\t\t\t\t\t\tdata-dim=\"w:468px,auto,auto,auto;\"\n\t\t\t\t\t\t\t\tdata-rsp_bd=\"off\"\n\t\t\t\t\t\t\t\tdata-padding=\"r:26;l:26;\"\n\t\t\t\t\t\t\t\tdata-frame_0=\"y:100%;tp:600;\"\n\t\t\t\t\t\t\t\tdata-frame_1=\"tp:600;e:power4.inOut;st:360;sp:2000;sR:360;\"\n\t\t\t\t\t\t\t\tdata-frame_999=\"y:175%;tp:600;e:power2.inOut;st:w;sp:1000;sR:6640;\"\n\t\t\t\t\t\t\t\tdata-frame_999_mask=\"u:t;\"\n\t\t\t\t\t\t\t\tdata-frame_hover=\"c:#000;bgc:#fff;boc:#000;bor:0px,0px,0px,0px;bos:solid;oX:50;oY:50;sp:0;\"\n\t\t\t\t\t\t\t\tstyle=\"z-index:6;background-color:#00194b;font-family:'Poppins';text-transform:uppercase;cursor:pointer;outline:none;box-shadow:none;box-sizing:border-box;-moz-box-sizing:border-box;-webkit-box-sizing:border-box;\"\n\t\t\t\t\t\t\t>Achetez maintenant \n\t\t\t\t\t\t\t<\/rs-layer><!--\n-->\t\t\t\t\t<\/rs-slide>\n\t\t\t\t\t<\/rs-slides>\n\t\t\t\t<\/rs-module>\n\t\t\t\t<script>\n\t\t\t\t\tsetREVStartSize({c: 'rev_slider_13_2',rl:[1240,1024,768,480],el:[530,330,400,300],gw:[1366,1024,778,480],gh:[530,330,400,300],type:'hero',justify:'',layout:'fullwidth',mh:\"0\"});if (window.RS_MODULES!==undefined && window.RS_MODULES.modules!==undefined && window.RS_MODULES.modules[\"revslider132\"]!==undefined) {window.RS_MODULES.modules[\"revslider132\"].once = false;window.revapi13 = undefined;if (window.RS_MODULES.checkMinimal!==undefined) window.RS_MODULES.checkMinimal()}\n\t\t\t\t<\/script>\n\t\t\t<\/rs-module-wrap>\n\t\t\t<!-- END REVOLUTION SLIDER -->\n[\/vc_column][\/vc_row]<\/p>\n<\/div>","protected":false},"excerpt":{"rendered":"<p>[vc_row css=&#8221;.vc_custom_1562680033760{margin-bottom: 80px !important;}&#8221;][vc_column][\/vc_column][\/vc_row][vc_row][vc_column width=&#8221;1\/2&#8243;][vc_column_text] Ressorts Ensach\u00e9s [\/vc_column_text][vc_single_image image=&#8221;10122&#8243; img_size=&#8221;full&#8221; alignment=&#8221;center&#8221; css=&#8221;.vc_custom_1566841921765{padding-bottom: 20px !important;}&#8221;][vc_column_text]Les matelas \u00e0 ressorts ensach\u00e9s sont sans aucun doute le type le plus populaire de construction de matelas en raison de son confort id\u00e9al et de ses nombreux autres avantages! Les ressorts ensach\u00e9s s\u2019ajustent aux formes naturelles de votre corps pour un &hellip; <a href=\"https:\/\/www.matelaslapensee.ca\/fr\/nos-technologies\/\" class=\"more-link\">En savoir plus <span class=\"screen-reader-text\">Nos Technologies<\/span><\/a><\/p>\n","protected":false},"author":1,"featured_media":0,"parent":0,"menu_order":0,"comment_status":"closed","ping_status":"closed","template":"","meta":{"_acf_changed":false,"footnotes":""},"class_list":["post-16648","page","type-page","status-publish","hentry"],"acf":[],"_links":{"self":[{"href":"https:\/\/www.matelaslapensee.ca\/fr\/wp-json\/wp\/v2\/pages\/16648","targetHints":{"allow":["GET"]}}],"collection":[{"href":"https:\/\/www.matelaslapensee.ca\/fr\/wp-json\/wp\/v2\/pages"}],"about":[{"href":"https:\/\/www.matelaslapensee.ca\/fr\/wp-json\/wp\/v2\/types\/page"}],"author":[{"embeddable":true,"href":"https:\/\/www.matelaslapensee.ca\/fr\/wp-json\/wp\/v2\/users\/1"}],"replies":[{"embeddable":true,"href":"https:\/\/www.matelaslapensee.ca\/fr\/wp-json\/wp\/v2\/comments?post=16648"}],"version-history":[{"count":5,"href":"https:\/\/www.matelaslapensee.ca\/fr\/wp-json\/wp\/v2\/pages\/16648\/revisions"}],"predecessor-version":[{"id":18999,"href":"https:\/\/www.matelaslapensee.ca\/fr\/wp-json\/wp\/v2\/pages\/16648\/revisions\/18999"}],"wp:attachment":[{"href":"https:\/\/www.matelaslapensee.ca\/fr\/wp-json\/wp\/v2\/media?parent=16648"}],"curies":[{"name":"wp","href":"https:\/\/api.w.org\/{rel}","templated":true}]}}