{"id":16651,"date":"2020-08-05T14:04:57","date_gmt":"2020-08-05T18:04:57","guid":{"rendered":"https:\/\/www.matelaslapensee.ca\/16555-2\/"},"modified":"2020-08-07T16:13:45","modified_gmt":"2020-08-07T20:13:45","slug":"16555-2","status":"publish","type":"page","link":"https:\/\/www.matelaslapensee.ca\/fr\/16555-2\/","title":{"rendered":""},"content":{"rendered":"<div class=\"wpb-content-wrapper\"><p>[vc_row css=&#8221;.vc_custom_1596650252173{margin-bottom: 80px !important;}&#8221;][vc_column]\n\t\t\t<!-- START Mattress Page 11 11 (FR) REVOLUTION SLIDER 6.7.34 --><p class=\"rs-p-wp-fix\"><\/p>\n\t\t\t<rs-module-wrap id=\"rev_slider_31_1_wrapper\" data-source=\"gallery\" style=\"visibility:hidden;background:transparent;padding:0;margin:0px auto;margin-top:0;margin-bottom:0;\">\n\t\t\t\t<rs-module id=\"rev_slider_31_1\" style=\"\" data-version=\"6.7.34\">\n\t\t\t\t\t<rs-slides style=\"overflow: hidden; position: absolute;\">\n\t\t\t\t\t\t<rs-slide style=\"position: absolute;\" data-key=\"rs-65\" data-title=\"Slide\" data-anim=\"r:0;\" data-in=\"y:-100%;\" data-out=\"a:false;\">\n\t\t\t\t\t\t\t<img fetchpriority=\"high\" decoding=\"async\" src=\"\/\/www.matelaslapensee.ca\/wp-content\/plugins\/revslider\/sr6\/assets\/assets\/dummy.png\" alt=\"\" title=\"CouplesSlider-ImageClouds\" width=\"1425\" height=\"800\" class=\"rev-slidebg tp-rs-img rs-lazyload\" data-lazyload=\"\/\/www.matelaslapensee.ca\/wp-content\/uploads\/2020\/11\/CouplesSlider-ImageClouds.jpg\" data-no-retina>\n<!--\n\t\t\t\t\t\t\t--><a\n\t\t\t\t\t\t\t\tid=\"slider-31-slide-65-layer-1\" \n\t\t\t\t\t\t\t\tclass=\"rs-layer rev-btn\"\n\t\t\t\t\t\t\t\thref=\"\/fr\/shop\" target=\"_self\" rel=\"nofollow\"\n\t\t\t\t\t\t\t\tdata-type=\"button\"\n\t\t\t\t\t\t\t\tdata-rsp_ch=\"on\"\n\t\t\t\t\t\t\t\tdata-xy=\"x:l,c,c,c;xo:65px,0,0,0;y:t,m,m,m;yo:411px,51px,38px,29px;\"\n\t\t\t\t\t\t\t\tdata-text=\"w:normal;s:20,14,10,16;l:50,37,28,45;fw:500;a:center;\"\n\t\t\t\t\t\t\t\tdata-dim=\"w:350px,262px,199px,323px;minh:0px,none,none,none;\"\n\t\t\t\t\t\t\t\tdata-padding=\"r:20,15,11,19;l:20,15,11,19;\"\n\t\t\t\t\t\t\t\tdata-frame_0=\"x:0,0,0,0px;y:0,0,0,0px;\"\n\t\t\t\t\t\t\t\tdata-frame_1=\"x:0,0,0,0px;y:0,0,0,0px;st:350;sp:2010;sR:350;\"\n\t\t\t\t\t\t\t\tdata-frame_999=\"o:0;st:w;sR:6640;\"\n\t\t\t\t\t\t\t\tdata-frame_hover=\"c:#000;bgc:#fff;bor:0px,0px,0px,0px;sp:200;e:power1.inOut;\"\n\t\t\t\t\t\t\t\tstyle=\"z-index:6;background-color:#01194b;font-family:'Roboto';\"\n\t\t\t\t\t\t\t>MAGASINEZ \n\t\t\t\t\t\t\t<\/a><!--\n\n\t\t\t\t\t\t\t--><rs-layer\n\t\t\t\t\t\t\t\tid=\"slider-31-slide-65-layer-2\" \n\t\t\t\t\t\t\t\tdata-type=\"text\"\n\t\t\t\t\t\t\t\tdata-color=\"#00194b||#0d166e||#0d166e||#0d166e\"\n\t\t\t\t\t\t\t\tdata-rsp_ch=\"on\"\n\t\t\t\t\t\t\t\tdata-xy=\"x:c;xo:-142px,0,0,0;y:m;yo:119px,0,0,0;\"\n\t\t\t\t\t\t\t\tdata-text=\"w:normal;s:60,44,40,25;l:66,54,50,45;fw:700;a:left,center,inherit,center;\"\n\t\t\t\t\t\t\t\tdata-dim=\"w:955px,744px,auto,500px;h:auto,auto,auto,91px;\"\n\t\t\t\t\t\t\t\tdata-frame_0=\"y:100%;tp:600;\"\n\t\t\t\t\t\t\t\tdata-frame_1=\"tp:600;e:power4.inOut;st:360;sp:2000;sR:360;\"\n\t\t\t\t\t\t\t\tdata-frame_999=\"y:175%;tp:600;e:power2.inOut;st:w;sp:1000;sR:6640;\"\n\t\t\t\t\t\t\t\tdata-frame_999_mask=\"u:t;\"\n\t\t\t\t\t\t\t\tstyle=\"z-index:5;font-family:'Poppins';\"\n\t\t\t\t\t\t\t>Nouveau matelas cette saison \n\t\t\t\t\t\t\t<\/rs-layer><!--\n\n\t\t\t\t\t\t\t--><rs-layer\n\t\t\t\t\t\t\t\tid=\"slider-31-slide-65-layer-3\" \n\t\t\t\t\t\t\t\tdata-type=\"text\"\n\t\t\t\t\t\t\t\tdata-color=\"#00194b\"\n\t\t\t\t\t\t\t\tdata-rsp_ch=\"on\"\n\t\t\t\t\t\t\t\tdata-xy=\"x:c;xo:-275px,0,0,0;y:m;yo:74px,-48px,-36px,-44px;\"\n\t\t\t\t\t\t\t\tdata-text=\"w:normal;s:45,33,25,15;l:25,18,13,8;\"\n\t\t\t\t\t\t\t\tdata-dim=\"w:685px,513px,389px,240px;h:35px,26px,19px,11px;\"\n\t\t\t\t\t\t\t\tdata-frame_1=\"st:350;sp:2060;sR:350;\"\n\t\t\t\t\t\t\t\tdata-frame_999=\"o:0;st:w;sR:6590;\"\n\t\t\t\t\t\t\t\tstyle=\"z-index:7;font-family:'Poppins';\"\n\t\t\t\t\t\t\t>FAITES-VOUS PLAISIR AVEC UN \n\t\t\t\t\t\t\t<\/rs-layer><!--\n-->\t\t\t\t\t<\/rs-slide>\n\t\t\t\t\t<\/rs-slides>\n\t\t\t\t<\/rs-module>\n\t\t\t\t<script>\n\t\t\t\t\tsetREVStartSize({c: 'rev_slider_31_1',rl:[1240,1024,768,480],el:[500,300,400,300],gw:[1366,1024,778,480],gh:[500,300,400,300],type:'hero',justify:'',layout:'fullwidth',mh:\"0\"});if (window.RS_MODULES!==undefined && window.RS_MODULES.modules!==undefined && window.RS_MODULES.modules[\"revslider311\"]!==undefined) {window.RS_MODULES.modules[\"revslider311\"].once = false;window.revapi31 = undefined;if (window.RS_MODULES.checkMinimal!==undefined) window.RS_MODULES.checkMinimal()}\n\t\t\t\t<\/script>\n\t\t\t<\/rs-module-wrap>\n\t\t\t<!-- END REVOLUTION SLIDER -->\n[\/vc_column][\/vc_row][vc_row][vc_column width=&#8221;1\/2&#8243;][vc_column_text]<\/p>\n<h1 style=\"text-align: center; color: #00194b;\">Ressorts Ensach\u00e9s<\/h1>\n<p>[\/vc_column_text][vc_single_image image=&#8221;10122&#8243; css=&#8221;.vc_custom_1596650726894{margin-bottom: -30px !important;}&#8221;][vc_btn title=&#8221;MAGAZINEZ&#8221; style=&#8221;flat&#8221; shape=&#8221;square&#8221; color=&#8221;blue&#8221; size=&#8221;lg&#8221; align=&#8221;center&#8221; el_class=&#8221;button-color-styling button-position-mobile&#8221;][vc_column_text]Les matelas \u00e0 ressorts ensach\u00e9s sont sans aucun doute le type le plus populaire de construction de matelas en raison de son confort id\u00e9al et de ses nombreux autres avantages! Les ressorts ensach\u00e9s s\u2019ajustent aux formes naturelles de votre corps pour un soutien personnalis\u00e9 et r\u00e9agissent intelligemment et instantan\u00e9ment aux mouvements individuels pendant votre sommeil.[\/vc_column_text][\/vc_column][vc_column width=&#8221;1\/2&#8243;][vc_column_text]<\/p>\n<h1 style=\"text-align: center; color: #00194b;\">Mousses<\/h1>\n<p>[\/vc_column_text][vc_single_image image=&#8221;10124&#8243; css=&#8221;.vc_custom_1596650907946{margin-bottom: -30px !important;}&#8221;][vc_btn title=&#8221;MAGAZINEZ&#8221; style=&#8221;flat&#8221; shape=&#8221;square&#8221; color=&#8221;blue&#8221; size=&#8221;lg&#8221; align=&#8221;center&#8221; el_class=&#8221;button-color-styling button-position-mobile&#8221;][vc_column_text]Les matelas en mousse naturelle sont une option populaire lorsque la hauteur ou le poids du lit est une pr\u00e9occupation. Par exemple, ils sont souvent utilis\u00e9s pour les matelas de v\u00e9hicules r\u00e9cr\u00e9atifs, yachts, canap\u00e9s-lits, lits pliants (lits Murphy), etc., ou tout simplement lorsque le confort d\u2019un matelas en mousse est pr\u00e9f\u00e9r\u00e9![\/vc_column_text][\/vc_column][\/vc_row][vc_row css=&#8221;.vc_custom_1596829928639{margin-bottom: 80px !important;}&#8221; el_class=&#8221;mobile-section-spacing&#8221;][vc_column css=&#8221;.vc_custom_1596829720237{padding-top: 100px !important;}&#8221;]\n\t\t\t<!-- START Mattress Page 11 1 1 (FR) REVOLUTION SLIDER 6.7.34 --><p class=\"rs-p-wp-fix\"><\/p>\n\t\t\t<rs-module-wrap id=\"rev_slider_29_2_wrapper\" data-source=\"gallery\" style=\"visibility:hidden;background:transparent;padding:0;margin:0px auto;margin-top:0;margin-bottom:0;\">\n\t\t\t\t<rs-module id=\"rev_slider_29_2\" style=\"\" data-version=\"6.7.34\">\n\t\t\t\t\t<rs-slides style=\"overflow: hidden; position: absolute;\">\n\t\t\t\t\t\t<rs-slide style=\"position: absolute;\" data-key=\"rs-63\" data-title=\"Slide\" data-anim=\"r:0;\" data-in=\"y:-100%;\" data-out=\"a:false;\">\n\t\t\t\t\t\t\t<img decoding=\"async\" src=\"\/\/www.matelaslapensee.ca\/wp-content\/plugins\/revslider\/sr6\/assets\/assets\/dummy.png\" alt=\"Slide\" title=\"TopSeller-v3\" width=\"1924\" height=\"802\" class=\"rev-slidebg tp-rs-img rs-lazyload\" data-lazyload=\"\/\/www.matelaslapensee.ca\/wp-content\/plugins\/revslider\/sr6\/assets\/assets\/transparent.png\" data-bg=\"p:right center;\" data-no-retina>\n<!--\n\t\t\t\t\t\t\t--><rs-layer\n\t\t\t\t\t\t\t\tid=\"slider-29-slide-63-layer-2\" \n\t\t\t\t\t\t\t\tdata-type=\"text\"\n\t\t\t\t\t\t\t\tdata-color=\"#00194b||#0d166e||#0d166e||#0d166e\"\n\t\t\t\t\t\t\t\tdata-rsp_ch=\"on\"\n\t\t\t\t\t\t\t\tdata-xy=\"x:c;xo:276px,0,0,0;y:m;yo:44px,0,0,16px;\"\n\t\t\t\t\t\t\t\tdata-text=\"w:normal;s:15,44,40,10;l:25,54,50,15;fw:400,700,700,700;a:left,center,inherit,center;\"\n\t\t\t\t\t\t\t\tdata-dim=\"w:586px,472px,auto,416px;h:auto,auto,auto,91px;\"\n\t\t\t\t\t\t\t\tdata-frame_0=\"y:100%;tp:600;\"\n\t\t\t\t\t\t\t\tdata-frame_1=\"tp:600;e:power4.inOut;st:360;sp:2000;sR:360;\"\n\t\t\t\t\t\t\t\tdata-frame_999=\"y:175%;tp:600;e:power2.inOut;st:w;sp:1000;sR:6640;\"\n\t\t\t\t\t\t\t\tdata-frame_999_mask=\"u:t;\"\n\t\t\t\t\t\t\t\tstyle=\"z-index:13;font-family:'Poppins';\"\n\t\t\t\t\t\t\t>Votre destination pour trouver le meilleur matelas \u00e0 Ottawa et \n\u00e0 Gatineau. Entreprise familiale qui compte quatre g\u00e9n\u00e9rations, experts en fabrication et en vente au d\u00e9tail, nous fabriquons tous nos matelas ici au Canada. Chez Matelas Lapens\u00e9e, nous sommes fiers d\u2019offrir des matelas de la plus haute qualit\u00e9, une exp\u00e9rience client agr\u00e9able et harmonieuse, et une meilleure nuit de sommeil, en misant sur la recherche et le d\u00e9veloppement et en \u00e9coutant les besoins et d\u00e9sirs de nos clients jusqu\u2019\u00e0 ce qu\u2019ils soient 100% satisfaits.\n\nChaque matelas est fabriqu\u00e9 avec des mat\u00e9riaux de haute qualit\u00e9 et est adapt\u00e9 \u00e0 vos besoins et \u00e0 votre budget. Vous cherchez des matelas pour votre nouvelle maison, votre chalet, la chambre des enfants ou vous avez besoin d\u2019un matelas sur mesure pour votre bateau ou VR? Nous fabriquons les matelas les plus confortables et durables! \n\t\t\t\t\t\t\t<\/rs-layer><!--\n\n\t\t\t\t\t\t\t--><rs-layer\n\t\t\t\t\t\t\t\tid=\"slider-29-slide-63-layer-3\" \n\t\t\t\t\t\t\t\tdata-type=\"shape\"\n\t\t\t\t\t\t\t\tdata-rsp_ch=\"on\"\n\t\t\t\t\t\t\t\tdata-xy=\"x:c;y:b;yo:8px,5px,3px,1px;\"\n\t\t\t\t\t\t\t\tdata-text=\"w:normal;s:20,14,10,6;l:0,18,13,8;\"\n\t\t\t\t\t\t\t\tdata-dim=\"w:100%;h:65%;\"\n\t\t\t\t\t\t\t\tdata-frame_999=\"o:0;st:w;\"\n\t\t\t\t\t\t\t\tstyle=\"z-index:8;background-color:#d6ecf6;\"\n\t\t\t\t\t\t\t> \n\t\t\t\t\t\t\t<\/rs-layer><!--\n\n\t\t\t\t\t\t\t--><rs-layer\n\t\t\t\t\t\t\t\tid=\"slider-29-slide-63-layer-4\" \n\t\t\t\t\t\t\t\tdata-type=\"image\"\n\t\t\t\t\t\t\t\tdata-rsp_ch=\"on\"\n\t\t\t\t\t\t\t\tdata-xy=\"xo:40px,29px,22px,13px;yo:16px,11px,8px,4px;\"\n\t\t\t\t\t\t\t\tdata-text=\"w:normal;s:20,14,10,6;l:0,18,13,8;\"\n\t\t\t\t\t\t\t\tdata-dim=\"w:588px,440px,334px,206px;h:572px,428px,325px,200px;\"\n\t\t\t\t\t\t\t\tdata-vbility=\"t,t,f,f\"\n\t\t\t\t\t\t\t\tdata-frame_999=\"o:0;st:w;\"\n\t\t\t\t\t\t\t\tstyle=\"z-index:9;\"\n\t\t\t\t\t\t\t><img decoding=\"async\" src=\"\/\/www.matelaslapensee.ca\/wp-content\/plugins\/revslider\/sr6\/assets\/assets\/dummy.png\" alt=\"\" class=\"tp-rs-img rs-lazyload\" width=\"982\" height=\"955\" data-lazyload=\"\/\/www.matelaslapensee.ca\/wp-content\/uploads\/2020\/08\/Mask-Group-4.png\" data-no-retina> \n\t\t\t\t\t\t\t<\/rs-layer><!--\n\n\t\t\t\t\t\t\t--><rs-layer\n\t\t\t\t\t\t\t\tid=\"slider-29-slide-63-layer-5\" \n\t\t\t\t\t\t\t\tdata-type=\"text\"\n\t\t\t\t\t\t\t\tdata-color=\"#00194b||#0d166e||#0d166e||#0d166e\"\n\t\t\t\t\t\t\t\tdata-rsp_ch=\"on\"\n\t\t\t\t\t\t\t\tdata-xy=\"x:c;xo:159px,0,0,8px;y:m;yo:-196px,0,0,-65px;\"\n\t\t\t\t\t\t\t\tdata-text=\"w:normal;s:100,44,40,30;l:110,54,50,45;ls:6px,0px,0px,0px;fw:500,700,700,700;a:left,center,inherit,center;\"\n\t\t\t\t\t\t\t\tdata-dim=\"w:586px,472px,auto,416px;h:113px,auto,auto,91px;\"\n\t\t\t\t\t\t\t\tdata-frame_0=\"y:100%;tp:600;\"\n\t\t\t\t\t\t\t\tdata-frame_1=\"tp:600;e:power4.inOut;st:360;sp:2000;sR:360;\"\n\t\t\t\t\t\t\t\tdata-frame_999=\"y:175%;tp:600;e:power2.inOut;st:w;sp:1000;sR:6640;\"\n\t\t\t\t\t\t\t\tdata-frame_999_mask=\"u:t;\"\n\t\t\t\t\t\t\t\tstyle=\"z-index:10;font-family:'Poppins';\"\n\t\t\t\t\t\t\t>Lapens\u00e9e? \n\t\t\t\t\t\t\t<\/rs-layer><!--\n\n\t\t\t\t\t\t\t--><rs-layer\n\t\t\t\t\t\t\t\tid=\"slider-29-slide-63-layer-6\" \n\t\t\t\t\t\t\t\tdata-type=\"text\"\n\t\t\t\t\t\t\t\tdata-color=\"#00194b||#0d166e||#0d166e||#0d166e\"\n\t\t\t\t\t\t\t\tdata-rsp_ch=\"on\"\n\t\t\t\t\t\t\t\tdata-xy=\"x:c;xo:165px,0,0,11px;y:m;yo:-266px,0,0,-98px;\"\n\t\t\t\t\t\t\t\tdata-text=\"w:normal;s:45,44,40,30;l:110,54,50,45;ls:6px,0px,0px,0px;fw:500,700,700,700;a:left,center,inherit,center;\"\n\t\t\t\t\t\t\t\tdata-dim=\"w:586px,472px,auto,416px;h:auto,auto,auto,91px;\"\n\t\t\t\t\t\t\t\tdata-frame_0=\"y:100%;tp:600;\"\n\t\t\t\t\t\t\t\tdata-frame_1=\"tp:600;e:power4.inOut;st:360;sp:2000;sR:360;\"\n\t\t\t\t\t\t\t\tdata-frame_999=\"y:175%;tp:600;e:power2.inOut;st:w;sp:1000;sR:6640;\"\n\t\t\t\t\t\t\t\tdata-frame_999_mask=\"u:t;\"\n\t\t\t\t\t\t\t\tstyle=\"z-index:11;font-family:'Poppins';\"\n\t\t\t\t\t\t\t>POURQUOI CHOISIR \n\t\t\t\t\t\t\t<\/rs-layer><!--\n\n\t\t\t\t\t\t\t--><rs-layer\n\t\t\t\t\t\t\t\tid=\"slider-29-slide-63-layer-7\" \n\t\t\t\t\t\t\t\tdata-type=\"text\"\n\t\t\t\t\t\t\t\tdata-color=\"#ffffff||#0d166e||#0d166e||#0d166e\"\n\t\t\t\t\t\t\t\tdata-rsp_ch=\"on\"\n\t\t\t\t\t\t\t\tdata-xy=\"x:c;xo:218px,0,0,1px;y:m;yo:222px,0,0,47px;\"\n\t\t\t\t\t\t\t\tdata-text=\"w:normal;s:30,44,40,30;l:25,54,50,45;fw:700;a:left,center,inherit,center;\"\n\t\t\t\t\t\t\t\tdata-dim=\"w:473px,472px,auto,416px;h:auto,auto,auto,91px;\"\n\t\t\t\t\t\t\t\tdata-vbility=\"t,t,f,f\"\n\t\t\t\t\t\t\t\tdata-frame_0=\"y:100%;tp:600;\"\n\t\t\t\t\t\t\t\tdata-frame_1=\"tp:600;e:power4.inOut;st:360;sp:2000;sR:360;\"\n\t\t\t\t\t\t\t\tdata-frame_999=\"y:175%;tp:600;e:power2.inOut;st:w;sp:1000;sR:6640;\"\n\t\t\t\t\t\t\t\tdata-frame_999_mask=\"u:t;\"\n\t\t\t\t\t\t\t\tstyle=\"z-index:12;font-family:'Poppins';\"\n\t\t\t\t\t\t\t><i>Bonnes nuits, belle vie!<\/i> \n\t\t\t\t\t\t\t<\/rs-layer><!--\n-->\t\t\t\t\t<\/rs-slide>\n\t\t\t\t\t<\/rs-slides>\n\t\t\t\t<\/rs-module>\n\t\t\t\t<script>\n\t\t\t\t\tsetREVStartSize({c: 'rev_slider_29_2',rl:[1240,1024,768,480],el:[700,300,400,300],gw:[1366,1024,778,480],gh:[700,300,400,300],type:'hero',justify:'',layout:'fullwidth',mh:\"0\"});if (window.RS_MODULES!==undefined && window.RS_MODULES.modules!==undefined && window.RS_MODULES.modules[\"revslider292\"]!==undefined) {window.RS_MODULES.modules[\"revslider292\"].once = false;window.revapi29 = undefined;if (window.RS_MODULES.checkMinimal!==undefined) window.RS_MODULES.checkMinimal()}\n\t\t\t\t<\/script>\n\t\t\t<\/rs-module-wrap>\n\t\t\t<!-- END REVOLUTION SLIDER -->\n[\/vc_column][\/vc_row][vc_row css=&#8221;.vc_custom_1596816253510{margin-bottom: 80px !important;}&#8221;][vc_column]\n\t\t\t<!-- START Mattress Page 11 1 1 (FR) REVOLUTION SLIDER 6.7.34 --><p class=\"rs-p-wp-fix\"><\/p>\n\t\t\t<rs-module-wrap id=\"rev_slider_30_3_wrapper\" data-source=\"gallery\" style=\"visibility:hidden;background:transparent;padding:0;margin:0px auto;margin-top:0;margin-bottom:0;\">\n\t\t\t\t<rs-module id=\"rev_slider_30_3\" style=\"\" data-version=\"6.7.34\">\n\t\t\t\t\t<rs-slides style=\"overflow: hidden; position: absolute;\">\n\t\t\t\t\t\t<rs-slide style=\"position: absolute;\" data-key=\"rs-64\" data-title=\"Slide\" data-anim=\"r:0;\" data-in=\"y:-100%;\" data-out=\"a:false;\">\n\t\t\t\t\t\t\t<img loading=\"lazy\" decoding=\"async\" src=\"\/\/www.matelaslapensee.ca\/wp-content\/plugins\/revslider\/sr6\/assets\/assets\/dummy.png\" alt=\"\" title=\"TopSeller-v3\" width=\"1924\" height=\"802\" class=\"rev-slidebg tp-rs-img rs-lazyload\" data-lazyload=\"\/\/www.matelaslapensee.ca\/wp-content\/uploads\/2020\/08\/TopSeller-v3.jpg\" data-bg=\"p:right center;\" data-no-retina>\n<!--\n\t\t\t\t\t\t\t--><a\n\t\t\t\t\t\t\t\tid=\"slider-30-slide-64-layer-1\" \n\t\t\t\t\t\t\t\tclass=\"rs-layer rev-btn\"\n\t\t\t\t\t\t\t\thref=\"\/product\/foam-luxury-mattress\" target=\"_self\" rel=\"nofollow\"\n\t\t\t\t\t\t\t\tdata-type=\"button\"\n\t\t\t\t\t\t\t\tdata-rsp_ch=\"on\"\n\t\t\t\t\t\t\t\tdata-xy=\"x:l,l,l,c;xo:30px,22px,16px,0;y:t,t,t,m;yo:340px,254px,192px,43px;\"\n\t\t\t\t\t\t\t\tdata-text=\"w:normal;s:20,14,10,16;l:50,37,28,45;fw:500;a:center;\"\n\t\t\t\t\t\t\t\tdata-dim=\"w:350px,262px,199px,323px;minh:0px,none,none,none;\"\n\t\t\t\t\t\t\t\tdata-padding=\"r:20,15,11,19;l:20,15,11,19;\"\n\t\t\t\t\t\t\t\tdata-frame_0=\"x:0,0,0,0px;y:0,0,0,0px;\"\n\t\t\t\t\t\t\t\tdata-frame_1=\"x:0,0,0,0px;y:0,0,0,0px;st:350;sp:2010;sR:350;\"\n\t\t\t\t\t\t\t\tdata-frame_999=\"o:0;st:w;sR:6640;\"\n\t\t\t\t\t\t\t\tdata-frame_hover=\"c:#000;bgc:#d6ecf6;bor:0px,0px,0px,0px;sp:200;e:power1.inOut;\"\n\t\t\t\t\t\t\t\tstyle=\"z-index:6;background-color:#01194b;font-family:'Roboto';\"\n\t\t\t\t\t\t\t>SHOP NOW \n\t\t\t\t\t\t\t<\/a><!--\n\n\t\t\t\t\t\t\t--><rs-layer\n\t\t\t\t\t\t\t\tid=\"slider-30-slide-64-layer-2\" \n\t\t\t\t\t\t\t\tdata-type=\"text\"\n\t\t\t\t\t\t\t\tdata-color=\"#00194b||#0d166e||#0d166e||#0d166e\"\n\t\t\t\t\t\t\t\tdata-rsp_ch=\"on\"\n\t\t\t\t\t\t\t\tdata-xy=\"x:c;xo:-362px,0,0,0;y:m;yo:-91px,0,0,-40px;\"\n\t\t\t\t\t\t\t\tdata-text=\"w:normal;s:100,44,40,30;l:110,54,50,45;ls:6px,0px,0px,0px;fw:700;a:left,center,inherit,center;\"\n\t\t\t\t\t\t\t\tdata-dim=\"w:586px,472px,auto,416px;h:auto,auto,auto,91px;\"\n\t\t\t\t\t\t\t\tdata-frame_0=\"y:100%;tp:600;\"\n\t\t\t\t\t\t\t\tdata-frame_1=\"tp:600;e:power4.inOut;st:360;sp:2000;sR:360;\"\n\t\t\t\t\t\t\t\tdata-frame_999=\"y:175%;tp:600;e:power2.inOut;st:w;sp:1000;sR:6640;\"\n\t\t\t\t\t\t\t\tdata-frame_999_mask=\"u:t;\"\n\t\t\t\t\t\t\t\tstyle=\"z-index:5;font-family:'Poppins';\"\n\t\t\t\t\t\t\t>Luxurious <br>Mattress \n\t\t\t\t\t\t\t<\/rs-layer><!--\n-->\t\t\t\t\t<\/rs-slide>\n\t\t\t\t\t<\/rs-slides>\n\t\t\t\t<\/rs-module>\n\t\t\t\t<script>\n\t\t\t\t\tsetREVStartSize({c: 'rev_slider_30_3',rl:[1240,1024,768,480],el:[600,300,400,300],gw:[1366,1024,778,480],gh:[600,300,400,300],type:'hero',justify:'',layout:'fullwidth',mh:\"0\"});if (window.RS_MODULES!==undefined && window.RS_MODULES.modules!==undefined && window.RS_MODULES.modules[\"revslider303\"]!==undefined) {window.RS_MODULES.modules[\"revslider303\"].once = false;window.revapi30 = undefined;if (window.RS_MODULES.checkMinimal!==undefined) window.RS_MODULES.checkMinimal()}\n\t\t\t\t<\/script>\n\t\t\t<\/rs-module-wrap>\n\t\t\t<!-- END REVOLUTION SLIDER -->\n[\/vc_column][\/vc_row][vc_row full_width=&#8221;stretch_row_content_no_spaces&#8221;][vc_column css=&#8221;.vc_custom_1596807740911{padding-top: 0px !important;padding-right: 0px !important;padding-bottom: 0px !important;padding-left: 0px !important;}&#8221;][vc_single_image image=&#8221;16653&#8243; img_size=&#8221;full&#8221; alignment=&#8221;center&#8221;][\/vc_column][\/vc_row]<\/p>\n<\/div>","protected":false},"excerpt":{"rendered":"<p>[vc_row css=&#8221;.vc_custom_1596650252173{margin-bottom: 80px !important;}&#8221;][vc_column][\/vc_column][\/vc_row][vc_row][vc_column width=&#8221;1\/2&#8243;][vc_column_text] Ressorts Ensach\u00e9s [\/vc_column_text][vc_single_image image=&#8221;10122&#8243; css=&#8221;.vc_custom_1596650726894{margin-bottom: -30px !important;}&#8221;][vc_btn title=&#8221;MAGAZINEZ&#8221; style=&#8221;flat&#8221; shape=&#8221;square&#8221; color=&#8221;blue&#8221; size=&#8221;lg&#8221; align=&#8221;center&#8221; el_class=&#8221;button-color-styling button-position-mobile&#8221;][vc_column_text]Les matelas \u00e0 ressorts ensach\u00e9s sont sans aucun doute le type le plus populaire de construction de matelas en raison de son confort id\u00e9al et de ses nombreux autres avantages! Les ressorts ensach\u00e9s s\u2019ajustent aux formes &hellip; <a href=\"https:\/\/www.matelaslapensee.ca\/fr\/16555-2\/\" class=\"more-link\">En savoir plus <span class=\"screen-reader-text\"><\/span><\/a><\/p>\n","protected":false},"author":1,"featured_media":0,"parent":0,"menu_order":0,"comment_status":"closed","ping_status":"closed","template":"","meta":{"_acf_changed":false,"footnotes":""},"class_list":["post-16651","page","type-page","status-publish","hentry"],"acf":[],"_links":{"self":[{"href":"https:\/\/www.matelaslapensee.ca\/fr\/wp-json\/wp\/v2\/pages\/16651","targetHints":{"allow":["GET"]}}],"collection":[{"href":"https:\/\/www.matelaslapensee.ca\/fr\/wp-json\/wp\/v2\/pages"}],"about":[{"href":"https:\/\/www.matelaslapensee.ca\/fr\/wp-json\/wp\/v2\/types\/page"}],"author":[{"embeddable":true,"href":"https:\/\/www.matelaslapensee.ca\/fr\/wp-json\/wp\/v2\/users\/1"}],"replies":[{"embeddable":true,"href":"https:\/\/www.matelaslapensee.ca\/fr\/wp-json\/wp\/v2\/comments?post=16651"}],"version-history":[{"count":5,"href":"https:\/\/www.matelaslapensee.ca\/fr\/wp-json\/wp\/v2\/pages\/16651\/revisions"}],"predecessor-version":[{"id":16658,"href":"https:\/\/www.matelaslapensee.ca\/fr\/wp-json\/wp\/v2\/pages\/16651\/revisions\/16658"}],"wp:attachment":[{"href":"https:\/\/www.matelaslapensee.ca\/fr\/wp-json\/wp\/v2\/media?parent=16651"}],"curies":[{"name":"wp","href":"https:\/\/api.w.org\/{rel}","templated":true}]}}