{"id":18013,"date":"2022-05-10T09:51:31","date_gmt":"2022-05-10T13:51:31","guid":{"rendered":"https:\/\/www.matelaslapensee.ca\/?page_id=18013"},"modified":"2023-07-19T09:56:05","modified_gmt":"2023-07-19T13:56:05","slug":"financement","status":"publish","type":"page","link":"https:\/\/www.matelaslapensee.ca\/fr\/financement\/","title":{"rendered":"Financement"},"content":{"rendered":"<div class=\"wpb-content-wrapper\"><p>[vc_section][vc_row full_width=&#8221;stretch_row&#8221; css=&#8221;.vc_custom_1651844563110{padding-top: 100px !important;padding-bottom: 100px !important;background-image: url(https:\/\/www.matelaslapensee.ca\/wp-content\/uploads\/2022\/05\/Slider-Gradient.jpg?id=17986) !important;background-position: center !important;background-repeat: no-repeat !important;background-size: cover !important;}&#8221; el_class=&#8221;landing-hero&#8221;][vc_column width=&#8221;1\/2&#8243;][vc_column_text el_class=&#8221;l-financing-hero-title&#8221;]<\/p>\n<h1>R\u00eavez mieux,<br \/>\npayez plus tard<\/h1>\n<p>[\/vc_column_text][vc_column_text]<\/p>\n<h4 style=\"text-transform: none;\">0% de financement pendant 12 mois*<\/h4>\n<p>[\/vc_column_text][\/vc_column][vc_column width=&#8221;1\/2&#8243;][\/vc_column][\/vc_row][\/vc_section][vc_row full_width=&#8221;stretch_row&#8221; css=&#8221;.vc_custom_1651844372880{padding-top: 100px !important;padding-bottom: 100px !important;background-color: #006e7b !important;}&#8221; el_class=&#8221;apply-now-cta-section&#8221;][vc_column][vc_single_image image=&#8221;18000&#8243;][vc_column_text el_class=&#8221;apply-now-cta-text&#8221;]<\/p>\n<h5>Faites votre demande aujourd\u2019hui pour l\u2019approbation de votre carte FlexitiCard en quelques minutes.*<\/h5>\n<p>[\/vc_column_text][vc_empty_space height=&#8221;40px&#8221; el_id=&#8221;flexiti-button&#8221;][\/vc_column][\/vc_row][vc_row css=&#8221;.vc_custom_1651764422432{padding-top: 150px !important;}&#8221;][vc_column width=&#8221;1\/2&#8243;][vc_column_text el_class=&#8221;fast-section-title&#8221;]Rapidit\u00e9, simplicit\u00e9 et grande flexibilit\u00e9.[\/vc_column_text][\/vc_column][vc_column width=&#8221;1\/2&#8243;][\/vc_column][\/vc_row][vc_row el_class=&#8221;fast-section&#8221; css=&#8221;.vc_custom_1651765067751{padding-bottom: 150px !important;}&#8221;][vc_column width=&#8221;1\/2&#8243;][vc_column_text]<\/p>\n<h4>Achetez maintenant, payez plus tard*<\/h4>\n<p>Non seulement l\u2019offre de 0 % d\u2019int\u00e9r\u00eat* rend votre achat plus abordable, mais votre FlexitiCard facilite \u00e9galement le financement.[\/vc_column_text][\/vc_column][vc_column width=&#8221;1\/2&#8243;][vc_column_text]<\/p>\n<h4>Faites votre demande maintenant et utilisez votre carte FlexitiCard en tout temps en magasin ou en ligne.<\/h4>\n<p>La carte FlexitiCard est une carte de cr\u00e9dit qui inclut le financement comme b\u00e9n\u00e9fice suppl\u00e9mentaire. De plus, vous n\u2019aurez pas \u00e0 faire une demande de cr\u00e9dit chaque fois que vous voudrez l\u2019utiliser, ici ou partout ailleurs au sein du r\u00e9seau Flexiti.[\/vc_column_text][\/vc_column][\/vc_row][vc_row full_width=&#8221;stretch_row&#8221; el_class=&#8221;faq-section&#8221; css=&#8221;.vc_custom_1651769768348{padding-top: 100px !important;background-color: #f4f4f4 !important;}&#8221;][vc_column width=&#8221;2\/3&#8243;][vc_column_text el_class=&#8221;fast-section-title&#8221;]FAQ[\/vc_column_text][vc_column_text]<\/p>\n<h5>Comment puis-je faire une demande Flexiti ?<\/h5>\n<p>Cliquez sur \u00ab Faire une demande maintenant \u00bb pour acc\u00e9der \u00e0 la demande en ligne simple et rapide de Flexiti.<\/p>\n<h5>Comment puis-je payer avec Flexiti?<\/h5>\n<p>En ligne : Choisissez Flexiti comme m\u00e9thode de paiement \u00e0 la caisse. Le syst\u00e8me vous demandera de faire une demande Flexiti ou d\u2019entrer votre num\u00e9ro de compte Flexiti existant. Choisissez ensuite votre plan de financement et compl\u00e9tez la demande.<\/p>\n<p>En magasin : Adressez-vous \u00e0 un repr\u00e9sentant commercial pour faire une demande et financer votre achat avec Flexiti.<\/p>\n<h5>Comment puis-je g\u00e9rer mon compte ?<\/h5>\n<p>Visitez\u00a0<a href=\"https:\/\/my.flexiti.com\/index\" target=\"_blank\" rel=\"noopener\">my.flexiti.com<\/a>\u00a0pour enregistrer votre compte en ligne et voir vos relev\u00e9s, votre solde et vos transactions, v\u00e9rifier la date d\u2019\u00e9ch\u00e9ance de vos paiements, demander \u00e0 recevoir des relev\u00e9s \u00e9lectroniques et plus.<\/p>\n<h5>Comment puis-je faire mes paiements ?<\/h5>\n<p>En ligne : Connectez-vous \u00e0 votre compte bancaire en ligne, ajoutez Flexiti (Flexiti Financi\u00e8re) comme b\u00e9n\u00e9ficiaire et entrez votre num\u00e9ro de compte \u00e0 16 chiffres.<\/p>\n<p>Par la poste : Postez un ch\u00e8que \u00e0 Flexiti Financi\u00e8re \u2013 Relations avec la client\u00e8le, C.P. 340, Orangeville ON L9W 2Z7. N\u2019oubliez pas d\u2019inscrire votre num\u00e9ro de compte dans la section \u00ab Pour \u00bb ou \u00ab M\u00e9mo \u00bb pour \u00e9viter tout d\u00e9lai.<\/p>\n<h5>Comment puis-je communiquer avec Flexiti ?<\/h5>\n<p>Composez le\u00a0<a href=\"tel:18772593745\">1 877 259-3745<\/a>\u00a0du lundi au vendredi entre 9 h et 23 h (HE), ou les samedis et dimanches entre 9 h et 21 h (HE). Vous pouvez aussi envoyer un message \u00e0\u00a0<a href=\"mailto:demandes@flexiti.ca\">demandes@flexiti.ca<\/a>.[\/vc_column_text][\/vc_column][vc_column width=&#8221;1\/3&#8243;][\/vc_column][\/vc_row][vc_row full_width=&#8221;stretch_row&#8221; el_class=&#8221;landing-footer&#8221; css=&#8221;.vc_custom_1651769849965{padding-top: 100px !important;background-color: #f4f4f4 !important;}&#8221;][vc_column][vc_single_image image=&#8221;17994&#8243; img_size=&#8221;full&#8221;][vc_wp_custommenu nav_menu=&#8221;363&#8243; el_class=&#8221;landing-footer-menu&#8221;][\/vc_column][\/vc_row][vc_row full_width=&#8221;stretch_row&#8221; css=&#8221;.vc_custom_1651769992666{background-color: #f4f4f4 !important;}&#8221;][vc_column][vc_separator color=&#8221;black&#8221;][vc_column_text el_class=&#8221;note-footer-text&#8221; css=&#8221;.vc_custom_1651847675834{margin-bottom: 40px !important;}&#8221;]*Sur approbation du cr\u00e9dit. Sous r\u00e9serve des modalit\u00e9s de \u2018Entente avec le titulaire de carte Flexiti. Les plans offerts d\u00e9pendent du marchand et du fait que vous achetez en ligne ou en magasin. Le montant d\u2019achat minimum varie selon le marchand. Pour les plans diff\u00e9r\u00e9s, le plus \u00e9lev\u00e9 des deux montants suivants deva \u00eatre pay\u00e9 chaque mois : 5 % du solde ou 10 $. Les primes de protection des paiements et les taxes applicables seront factur\u00e9es mensuellement. L\u2019int\u00e9r\u00eat calcul\u00e9 au taux annuel (TIA applicable au compte) stipul\u00e9 dans l\u2019Entente avec le titulaire de carte s\u2019accumulera durant la p\u00e9riode promotionnelle et sera factur\u00e9 si le solde n\u2019est pas pay\u00e9 dans sa totalit\u00e9 avant la date \u2018expiration de la promotion ou si la promotion est annul\u00e9e en raison d\u2019un d\u00e9faut de paiement. Pour les plans de paiement par mensualit\u00e9s \u00e9gales, votre achat doit \u00eatre pay\u00e9 en mensualit\u00e9s \u00e9gales incluant le capital, l\u2019int\u00e9r\u00eat ainsi que les primes de protection des paiements, les frais et les taxes, si applicables. Toutes les promotions applicables au compte pourraient \u00eatre annul\u00e9es si vous omettez de faire un paiement. En cas d\u2019annulation, \u2018int\u00e9r\u00eat sera calcul\u00e9 au TIA applicable au compte. Un d\u00e9lai de gr\u00e2ce sans int\u00e9r\u00eat de 21 jours s\u2019applique aux nouveaux achats \u00e0 taux renouvelable standard apparaissant pour la premi\u00e8re fois sur votre relev\u00e9 de compte si le solde est pay\u00e9 dans sa totalit\u00e9 avant la date d\u2019\u00e9ch\u00e9ance du paiement. Le TIA initial applicable au compte est divulgu\u00e9 au moment de l\u2019approbation et varie selon la solvabilit\u00e9 du titulaire de carte au moment de la demande. Les TIA actuels qui sont applicables aux comptes sont de 31,99 96, 35 96 (le maximum pour les r\u00e9sidents du Qu\u00e9bec) et 37,99 %. Tout solde impay\u00e9 \u00e0 la fin de la p\u00e9riode promotionnelle portera int\u00e9r\u00eat au TIA applicable au compte. Des frais administratifs peuvent s\u2019appliquer selon le marchand (sauf aux r\u00e9sidents du Qu\u00e9bec) et seront financ\u00e9s avec l\u2019achat ; le montant de tels frais d\u00e9pend du montant de l\u2019achat et de la dur\u00e9e de la promotion. Des frais annuls de 39,99 $ s\u2019appliquent aux r\u00e9sidents du Qu\u00e9bec, et des frais de 24,99 $ pourraient s\u2019appliquer aux r\u00e9sidents des autres provinces. Les plans diff\u00e9r\u00e9s \u00ab Aucun paiement \u00bb ne sont pas offerts aux r\u00e9sidents du Qu\u00e9bec, mais d\u2019autres options \u00e0 int\u00e9r\u00eat diff\u00e9r\u00e9 sont disponibles. Sous r\u00e9serve de la v\u00e9rification de l\u2019identit\u00e9 et sur approbation du cr\u00e9dit. Une adresse couriel valide est requise. Les demandes peuvent \u00eatre soumises \u00e0 une \u00e9valuation manuelle secondaire. Les promotions et modalit\u00e9s peuvent \u00eatre modifi\u00e9es sans pr\u00e9avis. Financement offert par Flexiti Financi\u00e8re. Flexiti, FlexitiCard et Flexiti Financi\u00e8re sont des marques de commerce de Flexiti Financi\u00e8re Inc.[\/vc_column_text][\/vc_column][\/vc_row]<\/p>\n<\/div>","protected":false},"excerpt":{"rendered":"<p>[vc_section][vc_row full_width=&#8221;stretch_row&#8221; css=&#8221;.vc_custom_1651844563110{padding-top: 100px !important;padding-bottom: 100px !important;background-image: url(https:\/\/www.matelaslapensee.ca\/wp-content\/uploads\/2022\/05\/Slider-Gradient.jpg?id=17986) !important;background-position: center !important;background-repeat: no-repeat !important;background-size: cover !important;}&#8221; el_class=&#8221;landing-hero&#8221;][vc_column width=&#8221;1\/2&#8243;][vc_column_text el_class=&#8221;l-financing-hero-title&#8221;] R\u00eavez mieux, payez plus tard [\/vc_column_text][vc_column_text] 0% de financement pendant 12 mois* [\/vc_column_text][\/vc_column][vc_column width=&#8221;1\/2&#8243;][\/vc_column][\/vc_row][\/vc_section][vc_row full_width=&#8221;stretch_row&#8221; css=&#8221;.vc_custom_1651844372880{padding-top: 100px !important;padding-bottom: 100px !important;background-color: #006e7b !important;}&#8221; el_class=&#8221;apply-now-cta-section&#8221;][vc_column][vc_single_image image=&#8221;18000&#8243;][vc_column_text el_class=&#8221;apply-now-cta-text&#8221;] Faites votre demande aujourd\u2019hui pour l\u2019approbation de votre carte FlexitiCard en quelques &hellip; <a href=\"https:\/\/www.matelaslapensee.ca\/fr\/financement\/\" class=\"more-link\">En savoir plus <span class=\"screen-reader-text\">Financement<\/span><\/a><\/p>\n","protected":false},"author":1,"featured_media":17987,"parent":0,"menu_order":0,"comment_status":"closed","ping_status":"closed","template":"","meta":{"_acf_changed":false,"footnotes":""},"class_list":["post-18013","page","type-page","status-publish","has-post-thumbnail","hentry"],"acf":[],"_links":{"self":[{"href":"https:\/\/www.matelaslapensee.ca\/fr\/wp-json\/wp\/v2\/pages\/18013","targetHints":{"allow":["GET"]}}],"collection":[{"href":"https:\/\/www.matelaslapensee.ca\/fr\/wp-json\/wp\/v2\/pages"}],"about":[{"href":"https:\/\/www.matelaslapensee.ca\/fr\/wp-json\/wp\/v2\/types\/page"}],"author":[{"embeddable":true,"href":"https:\/\/www.matelaslapensee.ca\/fr\/wp-json\/wp\/v2\/users\/1"}],"replies":[{"embeddable":true,"href":"https:\/\/www.matelaslapensee.ca\/fr\/wp-json\/wp\/v2\/comments?post=18013"}],"version-history":[{"count":5,"href":"https:\/\/www.matelaslapensee.ca\/fr\/wp-json\/wp\/v2\/pages\/18013\/revisions"}],"predecessor-version":[{"id":18672,"href":"https:\/\/www.matelaslapensee.ca\/fr\/wp-json\/wp\/v2\/pages\/18013\/revisions\/18672"}],"wp:featuredmedia":[{"embeddable":true,"href":"https:\/\/www.matelaslapensee.ca\/fr\/wp-json\/wp\/v2\/media\/17987"}],"wp:attachment":[{"href":"https:\/\/www.matelaslapensee.ca\/fr\/wp-json\/wp\/v2\/media?parent=18013"}],"curies":[{"name":"wp","href":"https:\/\/api.w.org\/{rel}","templated":true}]}}