{"id":6751,"date":"2019-08-01T20:16:11","date_gmt":"2019-08-01T20:16:11","guid":{"rendered":"https:\/\/www.matelaslapensee.ca\/terms-and-conditions\/"},"modified":"2019-08-23T12:49:50","modified_gmt":"2019-08-23T16:49:50","slug":"terms-and-conditions","status":"publish","type":"page","link":"https:\/\/www.matelaslapensee.ca\/fr\/terms-and-conditions\/","title":{"rendered":"Termes et conditions"},"content":{"rendered":"<div class=\"wpb-content-wrapper\"><p>[vc_row][vc_column][vc_column_text]<\/p>\n<h1 class=\"eut-title eut-dark\" style=\"text-align: center;\">Termes et conditions<\/h1>\n<h3>Livraison<\/h3>\n<p>La plupart des matelas de dimension standard ou non standard sont fabriqu\u00e9s \u00e0 l\u2019usine de Gatineau et livr\u00e9s dans un d\u00e9lai d\u2019environ 2 semaines suivant la date de commande.<\/p>\n<p>Si d\u00e9sir\u00e9, nous irons livrer et installer le nouveau matelas \u00e0 votre domicile.<\/p>\n<p>Les livraisons des matelas se font pour la plupart dans la r\u00e9gion d\u2019Ottawa\/ Gatineau. \u00a0Toutefois, si vous d\u00e9sirez une livraison hors de la r\u00e9gion, les arrangements n\u00e9cessaires pourront \u00eatre pris au moment de la transaction.<\/p>\n<p>Pour les matelas et les accessoires achet\u00e9s via notre boutique en ligne, vous pourrez en tout temps suivre votre commande du moment o\u00f9 elle quittera notre usine de Gatineau jusqu\u2019\u00e0 votre domicile.[\/vc_column_text][\/vc_column][\/vc_row]<\/p>\n<\/div>","protected":false},"excerpt":{"rendered":"<p>[vc_row][vc_column][vc_column_text] Termes et conditions Livraison La plupart des matelas de dimension standard ou non standard sont fabriqu\u00e9s \u00e0 l\u2019usine de Gatineau et livr\u00e9s dans un d\u00e9lai d\u2019environ 2 semaines suivant la date de commande. Si d\u00e9sir\u00e9, nous irons livrer et installer le nouveau matelas \u00e0 votre domicile. Les livraisons des matelas se font pour la &hellip; <a href=\"https:\/\/www.matelaslapensee.ca\/fr\/terms-and-conditions\/\" class=\"more-link\">En savoir plus <span class=\"screen-reader-text\">Termes et conditions<\/span><\/a><\/p>\n","protected":false},"author":1,"featured_media":0,"parent":0,"menu_order":0,"comment_status":"closed","ping_status":"closed","template":"","meta":{"_acf_changed":false,"footnotes":""},"class_list":["post-6751","page","type-page","status-publish","hentry"],"acf":[],"_links":{"self":[{"href":"https:\/\/www.matelaslapensee.ca\/fr\/wp-json\/wp\/v2\/pages\/6751","targetHints":{"allow":["GET"]}}],"collection":[{"href":"https:\/\/www.matelaslapensee.ca\/fr\/wp-json\/wp\/v2\/pages"}],"about":[{"href":"https:\/\/www.matelaslapensee.ca\/fr\/wp-json\/wp\/v2\/types\/page"}],"author":[{"embeddable":true,"href":"https:\/\/www.matelaslapensee.ca\/fr\/wp-json\/wp\/v2\/users\/1"}],"replies":[{"embeddable":true,"href":"https:\/\/www.matelaslapensee.ca\/fr\/wp-json\/wp\/v2\/comments?post=6751"}],"version-history":[{"count":2,"href":"https:\/\/www.matelaslapensee.ca\/fr\/wp-json\/wp\/v2\/pages\/6751\/revisions"}],"predecessor-version":[{"id":6753,"href":"https:\/\/www.matelaslapensee.ca\/fr\/wp-json\/wp\/v2\/pages\/6751\/revisions\/6753"}],"wp:attachment":[{"href":"https:\/\/www.matelaslapensee.ca\/fr\/wp-json\/wp\/v2\/media?parent=6751"}],"curies":[{"name":"wp","href":"https:\/\/api.w.org\/{rel}","templated":true}]}}