{"id":7890,"date":"2017-11-11T04:43:48","date_gmt":"2017-11-11T04:43:48","guid":{"rendered":"https:\/\/www.matelaslapensee.ca\/contact-us\/"},"modified":"2026-01-05T08:32:41","modified_gmt":"2026-01-05T13:32:41","slug":"contact-us","status":"publish","type":"page","link":"https:\/\/www.matelaslapensee.ca\/fr\/contact-us\/","title":{"rendered":"Contactez-nous"},"content":{"rendered":"<div class=\"wpb-content-wrapper\"><p>[vc_row full_width=&#8221;stretch_row&#8221; css=&#8221;.vc_custom_1612805717275{margin-bottom: 100px !important;padding-top: 150px !important;padding-bottom: 150px !important;background-image: url(https:\/\/www.matelaslapensee.ca\/wp-content\/uploads\/2021\/02\/Contact-Hero.jpg?id=17091) !important;background-position: center !important;background-repeat: no-repeat !important;background-size: cover !important;}&#8221;][vc_column][vc_column_text el_class=&#8221;l-page-title-90&#8243;]<\/p>\n<h1 style=\"text-align: center;\">Contactez-nous<\/h1>\n<p>[\/vc_column_text][\/vc_column][\/vc_row][vc_row css=&#8221;.vc_custom_1612805585005{margin-bottom: 100px !important;}&#8221;][vc_column offset=&#8221;vc_col-lg-6&#8243;][vc_single_image image=&#8221;17086&#8243; img_size=&#8221;full&#8221;][\/vc_column][vc_column css=&#8221;.vc_custom_1612823537595{padding-right: 30px !important;padding-left: 30px !important;}&#8221; offset=&#8221;vc_col-lg-6&#8243;][vc_row_inner][vc_column_inner][vc_column_text el_class=&#8221;l-store-location&#8221;]Gatineau[\/vc_column_text][vc_column_text el_class=&#8221;l-store-location-description&#8221;]Salle de montre &amp; manufacture[\/vc_column_text][vc_column_text el_class=&#8221;l-section-heading&#8221;]<strong>4 FA\u00c7ONS DE MAGASINER<\/strong>[\/vc_column_text][\/vc_column_inner][\/vc_row_inner][vc_row_inner el_class=&#8221;l-store-address&#8221;][vc_column_inner width=&#8221;1\/2&#8243;][vc_column_text]<strong>EN PERSONNE:<\/strong><br \/>\n1085 Boul. de la Carri\u00e8re<br \/>\nGatineau, Qu\u00e9bec, J8Y 6V4<\/p>\n<p><strong>PAR T\u00c9L\u00c9PHONE:<\/strong> 819-777-4877<br \/>\n<strong>PAR COURRIEL:<\/strong> <a href=\"mailto:info@matelaslapensee.ca\">info@matelaslapensee.ca<\/a><br \/>\n<strong>PAR VIDEO:<\/strong><br \/>\nR\u00e9servez par t\u00e9l\u00e9phone ou par courriel[\/vc_column_text][\/vc_column_inner][vc_column_inner width=&#8221;1\/2&#8243;][vc_column_text css=&#8221;&#8221;]<strong>Heures d\u2019ouverture:<\/strong><\/p>\n<p><strong>Lundi \u2013 Mercredi:<\/strong> 9:30h \u00e0 18h<br \/>\n<strong>Jeudi \u2013 Vendredi:<\/strong> 9:30h \u00e0 19h<br \/>\n<strong>Samedi:<\/strong> 9h \u00e0 17h<br \/>\n<strong>Dimanche:<\/strong> Ferm\u00e9[\/vc_column_text][\/vc_column_inner][\/vc_row_inner][vc_btn title=&#8221;Ouvrir avec Google Maps&#8221; color=&#8221;default&#8221; link=&#8221;url:https%3A%2F%2Fgoo.gl%2Fmaps%2Fu3caxWwkz5PdbLPMA||target:%20_blank|&#8221;][\/vc_column][\/vc_row][vc_row css=&#8221;.vc_custom_1612806641728{margin-bottom: 100px !important;}&#8221; el_id=&#8221;orleans-contact&#8221;][vc_column offset=&#8221;vc_col-lg-6&#8243;][vc_single_image image=&#8221;17090&#8243; img_size=&#8221;full&#8221;][\/vc_column][vc_column css=&#8221;.vc_custom_1612823572960{padding-right: 30px !important;padding-left: 30px !important;}&#8221; offset=&#8221;vc_col-lg-6&#8243;][vc_row_inner][vc_column_inner][vc_column_text el_class=&#8221;l-store-location&#8221;]Orl\u00e9ans[\/vc_column_text][vc_column_text el_class=&#8221;l-store-location-description&#8221;]Salle de montre[\/vc_column_text][vc_column_text el_class=&#8221;l-section-heading&#8221;]<strong>4 FA\u00c7ONS DE MAGASINER<\/strong>[\/vc_column_text][\/vc_column_inner][\/vc_row_inner][vc_row_inner el_class=&#8221;l-store-address&#8221;][vc_column_inner width=&#8221;1\/2&#8243;][vc_column_text]<strong>EN PERSONNE:<\/strong><br \/>\n3732 Innes Road<br \/>\nOrl\u00e9ans, Ontario, K1W 0C8<\/p>\n<p><strong>PAR T\u00c9L\u00c9PHONE:<\/strong> 613-837-9977<br \/>\n<strong>PAR COURRIEL:<\/strong> <a href=\"mailto:info@matelaslapensee.ca\">info@matelaslapensee.ca<\/a><br \/>\n<strong>PAR VIDEO:<\/strong><br \/>\nR\u00e9servez par t\u00e9l\u00e9phone ou par courriel[\/vc_column_text][\/vc_column_inner][vc_column_inner width=&#8221;1\/2&#8243;][vc_column_text css=&#8221;&#8221;]<strong>Heures d\u2019ouverture:<\/strong><\/p>\n<p><strong>Lundi:<\/strong> ferm\u00e9e<br \/>\n<strong>Mardi \u2013 Mercredi:<\/strong> 9:30h \u00e0 18h<br \/>\n<strong>Jeudi \u2013 Vendredi:<\/strong> 9:30h \u00e0 20h<br \/>\n<strong>Samedi:<\/strong> 9h \u00e0 17h<br \/>\n<strong>Dimanche:<\/strong> 11h \u00e0 17h[\/vc_column_text][\/vc_column_inner][\/vc_row_inner][vc_btn title=&#8221;Ouvrir avec Google Maps&#8221; color=&#8221;default&#8221; link=&#8221;url:https%3A%2F%2Fgoo.gl%2Fmaps%2F2kG8s4si9KMhctto7||target:%20_blank|&#8221;][\/vc_column][\/vc_row][vc_row css=&#8221;.vc_custom_1612806771352{margin-bottom: 100px !important;}&#8221; el_id=&#8221;kanata-contact&#8221;][vc_column offset=&#8221;vc_col-lg-6&#8243;][vc_single_image image=&#8221;17088&#8243; img_size=&#8221;full&#8221;][\/vc_column][vc_column css=&#8221;.vc_custom_1612823600253{padding-right: 30px !important;padding-left: 30px !important;}&#8221; offset=&#8221;vc_col-lg-6&#8243;][vc_row_inner][vc_column_inner][vc_column_text el_class=&#8221;l-store-location&#8221;]Kanata[\/vc_column_text][vc_column_text el_class=&#8221;l-store-location-description&#8221;]Salle de montre[\/vc_column_text][vc_column_text el_class=&#8221;l-section-heading&#8221;]<strong>4 FA\u00c7ONS DE MAGASINER<\/strong>[\/vc_column_text][\/vc_column_inner][\/vc_row_inner][vc_row_inner el_class=&#8221;l-store-address&#8221;][vc_column_inner width=&#8221;1\/2&#8243;][vc_column_text]<strong>EN PERSONNE:<\/strong><br \/>\n737 Silver Seven Road unit 12<br \/>\nKanata, Ontario K2V 1C3<\/p>\n<p><strong>PAR T\u00c9L\u00c9PHONE:<\/strong>\u00a0613-435-6977<br \/>\n<strong>PAR COURRIEL:<\/strong> <a href=\"mailto:info@matelaslapensee.ca\">info@matelaslapensee.ca<\/a><br \/>\n<strong>PAR VIDEO:<\/strong><br \/>\nR\u00e9servez par t\u00e9l\u00e9phone ou par courriel[\/vc_column_text][\/vc_column_inner][vc_column_inner width=&#8221;1\/2&#8243;][vc_column_text css=&#8221;&#8221;]<strong>Heures d\u2019ouverture:<\/strong><\/p>\n<p><strong>Lundi:<\/strong> ferm\u00e9e<br \/>\n<strong>Mardi \u2013 Mercredi:<\/strong> 9:30h \u00e0 18h<br \/>\n<strong>Jeudi \u2013 Vendredi:<\/strong> 9:30h \u00e0 20h<br \/>\n<strong>Samedi:<\/strong> 9h \u00e0 17h<br \/>\n<strong>Dimanche:<\/strong> 11h \u00e0 17h[\/vc_column_text][\/vc_column_inner][\/vc_row_inner][vc_btn title=&#8221;Ouvrir avec Google Maps&#8221; color=&#8221;default&#8221; link=&#8221;url:https%3A%2F%2Fgoo.gl%2Fmaps%2FTHRnEriCHUjgzgHf8||target:%20_blank|&#8221;][\/vc_column][\/vc_row][vc_row el_id=&#8221;contact-us-form&#8221;][vc_column][vc_empty_space height=&#8221;50px&#8221;][vc_column_text el_class=&#8221;l-section-heading&#8221;]<\/p>\n<p style=\"text-align: center;\">Nous Joindre<\/p>\n<p>[\/vc_column_text]<script type=\"text\/javascript\">\n\/* <![CDATA[ *\/\nvar gform;gform||(document.addEventListener(\"gform_main_scripts_loaded\",function(){gform.scriptsLoaded=!0}),document.addEventListener(\"gform\/theme\/scripts_loaded\",function(){gform.themeScriptsLoaded=!0}),window.addEventListener(\"DOMContentLoaded\",function(){gform.domLoaded=!0}),gform={domLoaded:!1,scriptsLoaded:!1,themeScriptsLoaded:!1,isFormEditor:()=>\"function\"==typeof InitializeEditor,callIfLoaded:function(o){return!(!gform.domLoaded||!gform.scriptsLoaded||!gform.themeScriptsLoaded&&!gform.isFormEditor()||(gform.isFormEditor()&&console.warn(\"The use of gform.initializeOnLoaded() is deprecated in the form editor context and will be removed in Gravity Forms 3.1.\"),o(),0))},initializeOnLoaded:function(o){gform.callIfLoaded(o)||(document.addEventListener(\"gform_main_scripts_loaded\",()=>{gform.scriptsLoaded=!0,gform.callIfLoaded(o)}),document.addEventListener(\"gform\/theme\/scripts_loaded\",()=>{gform.themeScriptsLoaded=!0,gform.callIfLoaded(o)}),window.addEventListener(\"DOMContentLoaded\",()=>{gform.domLoaded=!0,gform.callIfLoaded(o)}))},hooks:{action:{},filter:{}},addAction:function(o,r,e,t){gform.addHook(\"action\",o,r,e,t)},addFilter:function(o,r,e,t){gform.addHook(\"filter\",o,r,e,t)},doAction:function(o){gform.doHook(\"action\",o,arguments)},applyFilters:function(o){return gform.doHook(\"filter\",o,arguments)},removeAction:function(o,r){gform.removeHook(\"action\",o,r)},removeFilter:function(o,r,e){gform.removeHook(\"filter\",o,r,e)},addHook:function(o,r,e,t,n){null==gform.hooks[o][r]&&(gform.hooks[o][r]=[]);var d=gform.hooks[o][r];null==n&&(n=r+\"_\"+d.length),gform.hooks[o][r].push({tag:n,callable:e,priority:t=null==t?10:t})},doHook:function(r,o,e){var t;if(e=Array.prototype.slice.call(e,1),null!=gform.hooks[r][o]&&((o=gform.hooks[r][o]).sort(function(o,r){return o.priority-r.priority}),o.forEach(function(o){\"function\"!=typeof(t=o.callable)&&(t=window[t]),\"action\"==r?t.apply(null,e):e[0]=t.apply(null,e)})),\"filter\"==r)return e[0]},removeHook:function(o,r,t,n){var e;null!=gform.hooks[o][r]&&(e=(e=gform.hooks[o][r]).filter(function(o,r,e){return!!(null!=n&&n!=o.tag||null!=t&&t!=o.priority)}),gform.hooks[o][r]=e)}});\n\/* ]]> *\/\n<\/script>\n\n                <div class='gf_browser_gecko gform_wrapper gform_legacy_markup_wrapper gform-theme--no-framework' data-form-theme='legacy' data-form-index='0' id='gform_wrapper_4' style='display:none'><div id='gf_4' class='gform_anchor' tabindex='-1'><\/div><form method='post' enctype='multipart\/form-data' target='gform_ajax_frame_4' id='gform_4'  action='\/fr\/wp-json\/wp\/v2\/pages\/7890#gf_4' data-formid='4' novalidate>\n                        <div class='gform-body gform_body'><ul id='gform_fields_4' class='gform_fields top_label form_sublabel_below description_below validation_below'><li id=\"field_4_1\" class=\"gfield gfield--type-name gfield_contains_required field_sublabel_below gfield--no-description field_description_below field_validation_below gfield_visibility_visible\"  ><label class='gfield_label gform-field-label gfield_label_before_complex' >Nom<span class=\"gfield_required\"><span class=\"gfield_required gfield_required_asterisk\">*<\/span><\/span><\/label><div class='ginput_complex ginput_container ginput_container--name no_prefix has_first_name no_middle_name has_last_name no_suffix gf_name_has_2 ginput_container_name gform-grid-row' id='input_4_1'>\n                            \n                            <span id='input_4_1_3_container' class='name_first gform-grid-col gform-grid-col--size-auto' >\n                                                    <input type='text' name='input_1.3' id='input_4_1_3' value=''   aria-required='true'     \/>\n                                                    <label for='input_4_1_3' class='gform-field-label gform-field-label--type-sub '>Pr\u00e9nom<\/label>\n                                                <\/span>\n                            \n                            <span id='input_4_1_6_container' class='name_last gform-grid-col gform-grid-col--size-auto' >\n                                                    <input type='text' name='input_1.6' id='input_4_1_6' value=''   aria-required='true'     \/>\n                                                    <label for='input_4_1_6' class='gform-field-label gform-field-label--type-sub '>Nom<\/label>\n                                                <\/span>\n                            \n                        <\/div><\/li><li id=\"field_4_2\" class=\"gfield gfield--type-email gfield_contains_required field_sublabel_below gfield--no-description field_description_below field_validation_below gfield_visibility_visible\"  ><label class='gfield_label gform-field-label gfield_label_before_complex' >Courriel<span class=\"gfield_required\"><span class=\"gfield_required gfield_required_asterisk\">*<\/span><\/span><\/label><div class='ginput_complex ginput_container ginput_container_email gform-grid-row' id='input_4_2_container'>\n                                <span id='input_4_2_1_container' class='ginput_left gform-grid-col gform-grid-col--size-auto'>\n                                    <input class='' type='email' name='input_2' id='input_4_2' value=''    aria-required=\"true\" aria-invalid=\"false\"  \/>\n                                    <label for='input_4_2' class='gform-field-label gform-field-label--type-sub '>Adresse courriel<\/label>\n                                <\/span>\n                                <span id='input_4_2_2_container' class='ginput_right gform-grid-col gform-grid-col--size-auto'>\n                                    <input class='' type='email' name='input_2_2' id='input_4_2_2' value=''    aria-required=\"true\" aria-invalid=\"false\"  \/>\n                                    <label for='input_4_2_2' class='gform-field-label gform-field-label--type-sub '>Confirmez l&#039;adresse de courriel<\/label>\n                                <\/span>\n                                <div class='gf_clear gf_clear_complex'><\/div>\n                            <\/div><\/li><li id=\"field_4_9\" class=\"gfield gfield--type-phone field_sublabel_below gfield--no-description field_description_below field_validation_below gfield_visibility_visible\"  ><label class='gfield_label gform-field-label' for='input_4_9'>Num\u00e9ro de t\u00e9l\u00e9phone (optionnel)<\/label><div class='ginput_container ginput_container_phone'><input name='input_9' id='input_4_9' type='tel' value='' class='large'    aria-invalid=\"false\"   \/><\/div><\/li><li id=\"field_4_4\" class=\"gfield gfield--type-select gfield_contains_required field_sublabel_below gfield--no-description field_description_below field_validation_below gfield_visibility_visible\"  ><label class='gfield_label gform-field-label' for='input_4_4'>Comment connaissez-vous les matelas Lapens\u00e9e?<span class=\"gfield_required\"><span class=\"gfield_required gfield_required_asterisk\">*<\/span><\/span><\/label><div class='ginput_container ginput_container_select'><select name='input_4' id='input_4_4' class='medium gfield_select'    aria-required=\"true\" aria-invalid=\"false\" ><option value='Publicit\u00e9 sur t\u00e9l\u00e9' >Publicit\u00e9 sur t\u00e9l\u00e9<\/option><option value='Publicit\u00e9 radio' >Publicit\u00e9 radio<\/option><option value='Publicit\u00e9 en ligne' >Publicit\u00e9 en ligne<\/option><option value='Site web' >Site web<\/option><option value='Facebook' >Facebook<\/option><option value='R\u00e9f\u00e9rence' >R\u00e9f\u00e9rence<\/option><option value='Other' >Autre<\/option><\/select><\/div><\/li><li id=\"field_4_6\" class=\"gfield gfield--type-textarea field_sublabel_below gfield--no-description field_description_below field_validation_below gfield_visibility_visible\"  ><label class='gfield_label gform-field-label' for='input_4_6'>Veuillez sp\u00e9cifier:<\/label><div class='ginput_container ginput_container_textarea'><textarea name='input_6' id='input_4_6' class='textarea medium'      aria-invalid=\"false\"   rows='10' cols='50'><\/textarea><\/div><\/li><li id=\"field_4_5\" class=\"gfield gfield--type-textarea gfield_contains_required field_sublabel_below gfield--no-description field_description_below field_validation_below gfield_visibility_visible\"  ><label class='gfield_label gform-field-label' for='input_4_5'>Message<span class=\"gfield_required\"><span class=\"gfield_required gfield_required_asterisk\">*<\/span><\/span><\/label><div class='ginput_container ginput_container_textarea'><textarea name='input_5' id='input_4_5' class='textarea medium'     aria-required=\"true\" aria-invalid=\"false\"   rows='10' cols='50'><\/textarea><\/div><\/li><li id=\"field_4_7\" class=\"gfield gfield--type-checkbox gfield--type-choice field_sublabel_below gfield--no-description field_description_below field_validation_below gfield_visibility_visible\"  ><label class='gfield_label gform-field-label gfield_label_before_complex' > Souhaitez-vous recevoir notre infolettre?<\/label><div class='ginput_container ginput_container_checkbox'><ul class='gfield_checkbox' id='input_4_7'><li class='gchoice gchoice_4_7_1'>\n\t\t\t\t\t\t\t\t<input class='gfield-choice-input' name='input_7.1' type='checkbox'  value='Yes'  id='choice_4_7_1'   \/>\n\t\t\t\t\t\t\t\t<label for='choice_4_7_1' id='label_4_7_1' class='gform-field-label gform-field-label--type-inline'>Oui<\/label>\n\t\t\t\t\t\t\t<\/li><\/ul><\/div><\/li><li id=\"field_4_10\" class=\"gfield gfield--type-captcha gfield--width-full field_sublabel_below gfield--no-description field_description_below hidden_label field_validation_below gfield_visibility_visible\"  ><label class='gfield_label gform-field-label' for='input_4_10'>CAPTCHA<\/label><div id='input_4_10' class='ginput_container ginput_recaptcha' data-sitekey='6LcRqjIpAAAAAFcAcul8dYOlLlnLf7kAcYirZZWc'  data-theme='light' data-tabindex='-1' data-size='invisible' data-badge='inline'><\/div><\/li><\/ul><\/div>\n        <div class='gform-footer gform_footer top_label'> <input type='submit' id='gform_submit_button_4' class='gform_button button' onclick='gform.submission.handleButtonClick(this);' data-submission-type='submit' value='Soumettre'  \/> <input type='hidden' name='gform_ajax' value='form_id=4&amp;title=&amp;description=&amp;tabindex=0&amp;theme=legacy&amp;styles=[]&amp;hash=59852bdf684ea440ad83e3d471c01bcd' \/>\n            <input type='hidden' class='gform_hidden' name='gform_submission_method' data-js='gform_submission_method_4' value='iframe' \/>\n            <input type='hidden' class='gform_hidden' name='gform_theme' data-js='gform_theme_4' id='gform_theme_4' value='legacy' \/>\n            <input type='hidden' class='gform_hidden' name='gform_style_settings' data-js='gform_style_settings_4' id='gform_style_settings_4' value='[]' \/>\n            <input type='hidden' class='gform_hidden' name='is_submit_4' value='1' \/>\n            <input type='hidden' class='gform_hidden' name='gform_submit' value='4' \/>\n            \n            <input type='hidden' class='gform_hidden' name='gform_currency' data-currency='CAD' value='XS1vQVNeCWSDSdJVXDhsENTKODKBPZkPAc98iWoHdIDOnK2X0hEo65ql7WIaZen3OrsgViAfMKKwCWE\/VZGdnilFoMdIHRx1Phzz\/GwAH6O6XdY=' \/>\n            <input type='hidden' class='gform_hidden' name='gform_unique_id' value='' \/>\n            <input type='hidden' class='gform_hidden' name='state_4' value='WyJbXSIsImQ1MTZkOWUxZWRmYzY0N2EzMWI4YjIzNmMzYmNlMjQ1Il0=' \/>\n            <input type='hidden' autocomplete='off' class='gform_hidden' name='gform_target_page_number_4' id='gform_target_page_number_4' value='0' \/>\n            <input type='hidden' autocomplete='off' class='gform_hidden' name='gform_source_page_number_4' id='gform_source_page_number_4' value='1' \/>\n            <input type='hidden' name='gform_field_values' value='' \/>\n            \n        <\/div>\n                        <\/form>\n                        <\/div>\n\t\t                <iframe style='display:none;width:0px;height:0px;' src='about:blank' name='gform_ajax_frame_4' id='gform_ajax_frame_4' title='Cette iframe contient la logique n\u00e9cessaire pour manipuler Gravity Forms avec Ajax.'><\/iframe>\n\t\t                <script type=\"text\/javascript\">\n\/* <![CDATA[ *\/\n gform.initializeOnLoaded( function() {gformInitSpinner( 4, 'https:\/\/www.matelaslapensee.ca\/wp-content\/plugins\/gravityforms\/images\/spinner.svg', true );jQuery('#gform_ajax_frame_4').on('load',function(){var contents = jQuery(this).contents().find('*').html();var is_postback = contents.indexOf('GF_AJAX_POSTBACK') >= 0;if(!is_postback){return;}var form_content = jQuery(this).contents().find('#gform_wrapper_4');var is_confirmation = jQuery(this).contents().find('#gform_confirmation_wrapper_4').length > 0;var is_redirect = contents.indexOf('gformRedirect(){') >= 0;var is_form = form_content.length > 0 && ! is_redirect && ! is_confirmation;var mt = parseInt(jQuery('html').css('margin-top'), 10) + parseInt(jQuery('body').css('margin-top'), 10) + 100;if(is_form){form_content.find('form').css('opacity', 0);jQuery('#gform_wrapper_4').html(form_content.html());if(form_content.hasClass('gform_validation_error')){jQuery('#gform_wrapper_4').addClass('gform_validation_error');} else {jQuery('#gform_wrapper_4').removeClass('gform_validation_error');}setTimeout( function() { \/* delay the scroll by 50 milliseconds to fix a bug in chrome *\/ jQuery(document).scrollTop(jQuery('#gform_wrapper_4').offset().top - mt); }, 50 );if(window['gformInitDatepicker']) {gformInitDatepicker();}if(window['gformInitPriceFields']) {gformInitPriceFields();}var current_page = jQuery('#gform_source_page_number_4').val();gformInitSpinner( 4, 'https:\/\/www.matelaslapensee.ca\/wp-content\/plugins\/gravityforms\/images\/spinner.svg', true );jQuery(document).trigger('gform_page_loaded', [4, current_page]);window['gf_submitting_4'] = false;}else if(!is_redirect){var confirmation_content = jQuery(this).contents().find('.GF_AJAX_POSTBACK').html();if(!confirmation_content){confirmation_content = contents;}jQuery('#gform_wrapper_4').replaceWith(confirmation_content);jQuery(document).scrollTop(jQuery('#gf_4').offset().top - mt);jQuery(document).trigger('gform_confirmation_loaded', [4]);window['gf_submitting_4'] = false;wp.a11y.speak(jQuery('#gform_confirmation_message_4').text());}else{jQuery('#gform_4').append(contents);if(window['gformRedirect']) {gformRedirect();}}jQuery(document).trigger(\"gform_pre_post_render\", [{ formId: \"4\", currentPage: \"current_page\", abort: function() { this.preventDefault(); } }]);        if (event && event.defaultPrevented) {                return;        }        const gformWrapperDiv = document.getElementById( \"gform_wrapper_4\" );        if ( gformWrapperDiv ) {            const visibilitySpan = document.createElement( \"span\" );            visibilitySpan.id = \"gform_visibility_test_4\";            gformWrapperDiv.insertAdjacentElement( \"afterend\", visibilitySpan );        }        const visibilityTestDiv = document.getElementById( \"gform_visibility_test_4\" );        let postRenderFired = false;        function triggerPostRender() {            if ( postRenderFired ) {                return;            }            postRenderFired = true;            gform.core.triggerPostRenderEvents( 4, current_page );            if ( visibilityTestDiv ) {                visibilityTestDiv.parentNode.removeChild( visibilityTestDiv );            }        }        function debounce( func, wait, immediate ) {            var timeout;            return function() {                var context = this, args = arguments;                var later = function() {                    timeout = null;                    if ( !immediate ) func.apply( context, args );                };                var callNow = immediate && !timeout;                clearTimeout( timeout );                timeout = setTimeout( later, wait );                if ( callNow ) func.apply( context, args );            };        }        const debouncedTriggerPostRender = debounce( function() {            triggerPostRender();        }, 200 );        if ( visibilityTestDiv && visibilityTestDiv.offsetParent === null ) {            const observer = new MutationObserver( ( mutations ) => {                mutations.forEach( ( mutation ) => {                    if ( mutation.type === 'attributes' && visibilityTestDiv.offsetParent !== null ) {                        debouncedTriggerPostRender();                        observer.disconnect();                    }                });            });            observer.observe( document.body, {                attributes: true,                childList: false,                subtree: true,                attributeFilter: [ 'style', 'class' ],            });        } else {            triggerPostRender();        }    } );} ); \n\/* ]]> *\/\n<\/script>\n[vc_empty_space height=&#8221;50px&#8221;][\/vc_column][\/vc_row]<\/p>\n<\/div>","protected":false},"excerpt":{"rendered":"<p>[vc_row full_width=&#8221;stretch_row&#8221; css=&#8221;.vc_custom_1612805717275{margin-bottom: 100px !important;padding-top: 150px !important;padding-bottom: 150px !important;background-image: url(https:\/\/www.matelaslapensee.ca\/wp-content\/uploads\/2021\/02\/Contact-Hero.jpg?id=17091) !important;background-position: center !important;background-repeat: no-repeat !important;background-size: cover !important;}&#8221;][vc_column][vc_column_text el_class=&#8221;l-page-title-90&#8243;] Contactez-nous [\/vc_column_text][\/vc_column][\/vc_row][vc_row css=&#8221;.vc_custom_1612805585005{margin-bottom: 100px !important;}&#8221;][vc_column offset=&#8221;vc_col-lg-6&#8243;][vc_single_image image=&#8221;17086&#8243; img_size=&#8221;full&#8221;][\/vc_column][vc_column css=&#8221;.vc_custom_1612823537595{padding-right: 30px !important;padding-left: 30px !important;}&#8221; offset=&#8221;vc_col-lg-6&#8243;][vc_row_inner][vc_column_inner][vc_column_text el_class=&#8221;l-store-location&#8221;]Gatineau[\/vc_column_text][vc_column_text el_class=&#8221;l-store-location-description&#8221;]Salle de montre &amp; manufacture[\/vc_column_text][vc_column_text el_class=&#8221;l-section-heading&#8221;]4 FA\u00c7ONS DE MAGASINER[\/vc_column_text][\/vc_column_inner][\/vc_row_inner][vc_row_inner el_class=&#8221;l-store-address&#8221;][vc_column_inner width=&#8221;1\/2&#8243;][vc_column_text]EN PERSONNE: 1085 Boul. de la Carri\u00e8re Gatineau, Qu\u00e9bec, J8Y 6V4 PAR &hellip; <a href=\"https:\/\/www.matelaslapensee.ca\/fr\/contact-us\/\" class=\"more-link\">En savoir plus <span class=\"screen-reader-text\">Contactez-nous<\/span><\/a><\/p>\n","protected":false},"author":1,"featured_media":0,"parent":0,"menu_order":0,"comment_status":"closed","ping_status":"closed","template":"","meta":{"_acf_changed":false,"footnotes":""},"class_list":["post-7890","page","type-page","status-publish","hentry"],"acf":[],"_links":{"self":[{"href":"https:\/\/www.matelaslapensee.ca\/fr\/wp-json\/wp\/v2\/pages\/7890","targetHints":{"allow":["GET"]}}],"collection":[{"href":"https:\/\/www.matelaslapensee.ca\/fr\/wp-json\/wp\/v2\/pages"}],"about":[{"href":"https:\/\/www.matelaslapensee.ca\/fr\/wp-json\/wp\/v2\/types\/page"}],"author":[{"embeddable":true,"href":"https:\/\/www.matelaslapensee.ca\/fr\/wp-json\/wp\/v2\/users\/1"}],"replies":[{"embeddable":true,"href":"https:\/\/www.matelaslapensee.ca\/fr\/wp-json\/wp\/v2\/comments?post=7890"}],"version-history":[{"count":6,"href":"https:\/\/www.matelaslapensee.ca\/fr\/wp-json\/wp\/v2\/pages\/7890\/revisions"}],"predecessor-version":[{"id":19386,"href":"https:\/\/www.matelaslapensee.ca\/fr\/wp-json\/wp\/v2\/pages\/7890\/revisions\/19386"}],"wp:attachment":[{"href":"https:\/\/www.matelaslapensee.ca\/fr\/wp-json\/wp\/v2\/media?parent=7890"}],"curies":[{"name":"wp","href":"https:\/\/api.w.org\/{rel}","templated":true}]}}