{"id":9965,"date":"2019-08-22T19:24:59","date_gmt":"2019-08-22T19:24:59","guid":{"rendered":"https:\/\/www.matelaslapensee.ca\/privacy-policy\/"},"modified":"2019-08-23T11:52:07","modified_gmt":"2019-08-23T15:52:07","slug":"privacy-policy","status":"publish","type":"page","link":"https:\/\/www.matelaslapensee.ca\/fr\/privacy-policy\/","title":{"rendered":"Politique de confidentialit\u00e9"},"content":{"rendered":"<div class=\"wpb-content-wrapper\"><p>[vc_row][vc_column][vc_column_text]<\/p>\n<h1>Politique de confidentialit\u00e9<\/h1>\n<p>[\/vc_column_text][vc_column_text]Date d\u2019entr\u00e9e en vigueur de la politique actuelle: 1er janvier 2015<\/p>\n<p>&nbsp;<\/p>\n<p>Merci de visiter notre site.<br \/>\nCette politique de confidentialit\u00e9 vous indique comment nous utilisons les renseignements personnels recueillis sur ce site. Veuillez lire cette politique de confidentialit\u00e9 avant d\u2019utiliser le site ou de soumettre des informations personnelles. En utilisant le site, vous acceptez les pratiques d\u00e9crites dans cette politique de confidentialit\u00e9. Ces pratiques peuvent \u00eatre modifi\u00e9es, mais tout changement sera affich\u00e9 et les changements ne s\u2019appliqueront qu\u2019aux activit\u00e9s et aux informations sur une base non r\u00e9troactive. Nous vous invitons \u00e0 consulter la politique de confidentialit\u00e9 lorsque vous visitez le site afin de vous assurer que vous comprenez comment les renseignements personnels que vous fournissez seront utilis\u00e9s.<\/p>\n<p>Remarque: les pratiques en mati\u00e8re de protection de la vie priv\u00e9e \u00e9nonc\u00e9es dans cette politique de confidentialit\u00e9 concernent uniquement ce site Web. Si vous vous connectez \u00e0 d\u2019autres sites Web, veuillez consulter les politiques de confidentialit\u00e9 affich\u00e9es sur ces sites.<\/p>\n<p><strong>Collecte d\u2019informations<\/strong><br \/>\nNous recueillons des informations personnelles identifiables, telles que les noms, adresses postales, adresses \u00e9lectroniques, etc., lorsqu\u2019elles sont soumises volontairement par nos visiteurs. Les informations que vous fournissez sont utilis\u00e9es pour r\u00e9pondre \u00e0 votre demande sp\u00e9cifique. Ces informations ne sont utilis\u00e9es que pour r\u00e9pondre \u00e0 votre demande sp\u00e9cifique, sauf si vous nous autorisez \u00e0 l\u2019utiliser d\u2019une autre mani\u00e8re, par exemple pour vous ajouter \u00e0 l\u2019une de nos listes de diffusion.<\/p>\n<p><strong>R\u00e9partition des informations<\/strong><br \/>\nNous pouvons partager des informations avec des agences gouvernementales ou d\u2019autres soci\u00e9t\u00e9s qui nous aident dans la pr\u00e9vention de la fraude ou d\u2019enqu\u00eate. Nous pouvons le faire lorsque: (1) est autoris\u00e9 ou exig\u00e9 par la loi; Ou, (2) essayer de prot\u00e9ger contre des fraudes ou de pr\u00e9venir des fraudes r\u00e9elles ou potentielles ou des transactions non autoris\u00e9es; Ou 3) enqu\u00eater sur des fraudes qui ont d\u00e9j\u00e0 eu lieu. Les informations ne sont pas fournies \u00e0 ces soci\u00e9t\u00e9s \u00e0 des fins de marketing.<\/p>\n<p><strong>Engagement envers la s\u00e9curit\u00e9 des donn\u00e9es<\/strong><br \/>\nVos informations personnelles sont prot\u00e9g\u00e9es. Seuls les employ\u00e9s autoris\u00e9s, les agents et les entrepreneurs qui ont accept\u00e9 de garder l\u2019information s\u00e9curis\u00e9e et confidentielle ont acc\u00e8s \u00e0 cette information.<\/p>\n<p><strong>Confidentialit\u00e9 des coordonn\u00e9es<\/strong><br \/>\nSi vous avez des questions, des pr\u00e9occupations ou des commentaires au sujet de notre politique de confidentialit\u00e9, vous pouvez nous contacter en utilisant les informations ci-dessous:<\/p>\n<p>Par courriel:\u00a0<a href=\"https:\/\/www.matelaslapensee.ca\/contact\/\">Contactez-nous<\/a><br \/>\nPar t\u00e9l\u00e9phone: 819-777-4877<br \/>\nNous nous r\u00e9servons le droit de modifier cette politique. Tous les changements sur cette police seront post\u00e9s.[\/vc_column_text][\/vc_column][\/vc_row]<\/p>\n<\/div>","protected":false},"excerpt":{"rendered":"<p>[vc_row][vc_column][vc_column_text] Politique de confidentialit\u00e9 [\/vc_column_text][vc_column_text]Date d\u2019entr\u00e9e en vigueur de la politique actuelle: 1er janvier 2015 &nbsp; Merci de visiter notre site. Cette politique de confidentialit\u00e9 vous indique comment nous utilisons les renseignements personnels recueillis sur ce site. Veuillez lire cette politique de confidentialit\u00e9 avant d\u2019utiliser le site ou de soumettre des informations personnelles. En utilisant &hellip; <a href=\"https:\/\/www.matelaslapensee.ca\/fr\/privacy-policy\/\" class=\"more-link\">En savoir plus <span class=\"screen-reader-text\">Politique de confidentialit\u00e9<\/span><\/a><\/p>\n","protected":false},"author":1,"featured_media":0,"parent":0,"menu_order":0,"comment_status":"closed","ping_status":"closed","template":"","meta":{"_acf_changed":false,"footnotes":""},"class_list":["post-9965","page","type-page","status-publish","hentry"],"acf":[],"_links":{"self":[{"href":"https:\/\/www.matelaslapensee.ca\/fr\/wp-json\/wp\/v2\/pages\/9965","targetHints":{"allow":["GET"]}}],"collection":[{"href":"https:\/\/www.matelaslapensee.ca\/fr\/wp-json\/wp\/v2\/pages"}],"about":[{"href":"https:\/\/www.matelaslapensee.ca\/fr\/wp-json\/wp\/v2\/types\/page"}],"author":[{"embeddable":true,"href":"https:\/\/www.matelaslapensee.ca\/fr\/wp-json\/wp\/v2\/users\/1"}],"replies":[{"embeddable":true,"href":"https:\/\/www.matelaslapensee.ca\/fr\/wp-json\/wp\/v2\/comments?post=9965"}],"version-history":[{"count":1,"href":"https:\/\/www.matelaslapensee.ca\/fr\/wp-json\/wp\/v2\/pages\/9965\/revisions"}],"predecessor-version":[{"id":9966,"href":"https:\/\/www.matelaslapensee.ca\/fr\/wp-json\/wp\/v2\/pages\/9965\/revisions\/9966"}],"wp:attachment":[{"href":"https:\/\/www.matelaslapensee.ca\/fr\/wp-json\/wp\/v2\/media?parent=9965"}],"curies":[{"name":"wp","href":"https:\/\/api.w.org\/{rel}","templated":true}]}}