{"id":11598,"date":"2019-10-03T10:09:52","date_gmt":"2019-10-03T14:09:52","guid":{"rendered":"https:\/\/www.matelaslapensee.ca\/product\/11598\/"},"modified":"2022-04-26T22:40:25","modified_gmt":"2022-04-27T02:40:25","slug":"classique-en-mousse-dans-une-boite","status":"publish","type":"product","link":"https:\/\/www.matelaslapensee.ca\/fr\/produit\/classique-en-mousse-dans-une-boite\/","title":{"rendered":"Classique 8&#8243; Mousse en bo\u00eete"},"content":{"rendered":"<ul>\n<li><strong>8\u2019\u2019 de mousse pure de haute densit\u00e9<\/strong>:\u00a0Elle assure un support et un confort tout en \u00e9liminant les points de pression.<\/li>\n<li><strong>Surface matelass\u00e9e<\/strong>: Elle assure un soulagement de la pression pour un confort accru<\/li>\n<li><strong>R\u00e9versible<\/strong>: La mousse confort est pr\u00e9sente sur les deux c\u00f4t\u00e9s du matelas pour permettre une rotation de la t\u00eate aux pieds ainsi qu\u2019une rotation compl\u00e8te d\u2019un c\u00f4t\u00e9 \u00e0 l\u2019autre, ce qui assure une vie plus longue et plus confortable \u00e0 votre matelas.<\/li>\n<li><strong>Aucun transfert de mouvement<\/strong><\/li>\n<li><strong>A\u00e9ration accrue<\/strong>: Le matelas est con\u00e7u pour laisser l\u2019air circuler facilement ce qui permet un sommeil au frais et au sec.<\/li>\n<li><strong>Certifi\u00e9 Certi-Pur US<\/strong>: Notre mousse pure et le contenu du matelas sont test\u00e9s pour d\u00e9terminer sa performance pour un corps et une \u00e2me plus en sant\u00e9. \u00a0Plus d\u2019informations sur <a href=\"http:\/\/www.certipur.us\/\" target=\"_blank\" rel=\"noopener\">certipur.us<\/a><\/li>\n<\/ul>\n<p>Toutes les dimensions sont sujettes \u00e0 une variation standard dans l\u2019industrie de +\/- 0.5\u201d (1.27 cm)<\/p>\n","protected":false},"excerpt":{"rendered":"<p>Abordable, durable et confortable, la gamme Classique est un excellent choix pour un matelas de qualit\u00e9 \u00e0 bon prix. Les mat\u00e9riaux sont choisis avec grand soin. Parfait pour les chambres d\u2019amis, les chambres d\u2019enfants ou les chalets. Garantie 10 ans, cette collection est compatible avec les bases de lit ajustables.<\/p>\n","protected":false},"featured_media":6144,"comment_status":"closed","ping_status":"closed","template":"","meta":{"_acf_changed":false},"product_brand":[],"product_cat":[328],"product_tag":[],"class_list":{"0":"post-11598","1":"product","2":"type-product","3":"status-publish","4":"has-post-thumbnail","6":"product_cat-matelas-en-boite","7":"product_shipping_class-matelas-dans-une-boite","8":"pa_mattress-firmness-ferme","9":"pa_mattress-firmness-souple","10":"pa_mattress-size-taille-double","11":"pa_mattress-size-taille-king","12":"pa_mattress-size-taille-queen","13":"pa_mattress-size-taille-simple","14":"pa_mattress-size-taille-simple-xl","17":"outofstock","18":"taxable","19":"shipping-taxable","20":"purchasable","21":"product-type-variable"},"acf":[],"_links":{"self":[{"href":"https:\/\/www.matelaslapensee.ca\/fr\/wp-json\/wp\/v2\/product\/11598","targetHints":{"allow":["GET"]}}],"collection":[{"href":"https:\/\/www.matelaslapensee.ca\/fr\/wp-json\/wp\/v2\/product"}],"about":[{"href":"https:\/\/www.matelaslapensee.ca\/fr\/wp-json\/wp\/v2\/types\/product"}],"replies":[{"embeddable":true,"href":"https:\/\/www.matelaslapensee.ca\/fr\/wp-json\/wp\/v2\/comments?post=11598"}],"wp:featuredmedia":[{"embeddable":true,"href":"https:\/\/www.matelaslapensee.ca\/fr\/wp-json\/wp\/v2\/media\/6144"}],"wp:attachment":[{"href":"https:\/\/www.matelaslapensee.ca\/fr\/wp-json\/wp\/v2\/media?parent=11598"}],"wp:term":[{"taxonomy":"product_brand","embeddable":true,"href":"https:\/\/www.matelaslapensee.ca\/fr\/wp-json\/wp\/v2\/product_brand?post=11598"},{"taxonomy":"product_cat","embeddable":true,"href":"https:\/\/www.matelaslapensee.ca\/fr\/wp-json\/wp\/v2\/product_cat?post=11598"},{"taxonomy":"product_tag","embeddable":true,"href":"https:\/\/www.matelaslapensee.ca\/fr\/wp-json\/wp\/v2\/product_tag?post=11598"}],"curies":[{"name":"wp","href":"https:\/\/api.w.org\/{rel}","templated":true}]}}