{"id":15304,"date":"2020-01-24T10:04:41","date_gmt":"2020-01-24T15:04:41","guid":{"rendered":"https:\/\/www.matelaslapensee.ca\/product\/cartecadeau\/"},"modified":"2020-01-24T10:04:41","modified_gmt":"2020-01-24T15:04:41","slug":"cartecadeau","status":"publish","type":"product","link":"https:\/\/www.matelaslapensee.ca\/fr\/produit\/cartecadeau\/","title":{"rendered":"Carte cadeau"},"content":{"rendered":"","protected":false},"excerpt":{"rendered":"<p>Envie qu\u2019un proche ou encore des coll\u00e8gues de travail vivent eux aussi la diff\u00e9rence Lapens\u00e9e? Offrez-leur une carte-cadeaux du montant de votre choix. Ainsi, famille et amis pourront s\u2019offrir un produit de notre boutique et profiter d\u2019un confort de premi\u00e8re qualit\u00e9 pour de futures nuits de sommeil id\u00e9ales. Propagez la bonne nouvelle et bon magasinage!<\/p>\n<p>*Si vous aimeriez acheter une carte d&#8217;un montant non-disponible, sil-vous plait <a href=\"https:\/\/www.matelaslapensee.ca\/fr\/contact-us\/\">contactez nous<\/a><\/p>\n","protected":false},"featured_media":11304,"comment_status":"closed","ping_status":"closed","template":"","meta":{"_acf_changed":false},"product_brand":[],"product_cat":[173,333],"product_tag":[],"class_list":{"0":"post-15304","1":"product","2":"type-product","3":"status-publish","4":"has-post-thumbnail","6":"product_cat-accessoires","7":"product_cat-gift-cards-fr","8":"product_shipping_class-matelas-dans-une-boite","11":"instock","12":"taxable","13":"shipping-taxable","14":"purchasable","15":"product-type-variable"},"acf":[],"_links":{"self":[{"href":"https:\/\/www.matelaslapensee.ca\/fr\/wp-json\/wp\/v2\/product\/15304","targetHints":{"allow":["GET"]}}],"collection":[{"href":"https:\/\/www.matelaslapensee.ca\/fr\/wp-json\/wp\/v2\/product"}],"about":[{"href":"https:\/\/www.matelaslapensee.ca\/fr\/wp-json\/wp\/v2\/types\/product"}],"replies":[{"embeddable":true,"href":"https:\/\/www.matelaslapensee.ca\/fr\/wp-json\/wp\/v2\/comments?post=15304"}],"wp:featuredmedia":[{"embeddable":true,"href":"https:\/\/www.matelaslapensee.ca\/fr\/wp-json\/wp\/v2\/media\/11304"}],"wp:attachment":[{"href":"https:\/\/www.matelaslapensee.ca\/fr\/wp-json\/wp\/v2\/media?parent=15304"}],"wp:term":[{"taxonomy":"product_brand","embeddable":true,"href":"https:\/\/www.matelaslapensee.ca\/fr\/wp-json\/wp\/v2\/product_brand?post=15304"},{"taxonomy":"product_cat","embeddable":true,"href":"https:\/\/www.matelaslapensee.ca\/fr\/wp-json\/wp\/v2\/product_cat?post=15304"},{"taxonomy":"product_tag","embeddable":true,"href":"https:\/\/www.matelaslapensee.ca\/fr\/wp-json\/wp\/v2\/product_tag?post=15304"}],"curies":[{"name":"wp","href":"https:\/\/api.w.org\/{rel}","templated":true}]}}