{"id":18834,"date":"2023-11-28T14:11:05","date_gmt":"2023-11-28T19:11:05","guid":{"rendered":"https:\/\/www.matelaslapensee.ca\/product\/dawnhouse\/"},"modified":"2024-06-05T15:56:41","modified_gmt":"2024-06-05T19:56:41","slug":"dawnhouse","status":"publish","type":"product","link":"https:\/\/www.matelaslapensee.ca\/fr\/produit\/dawnhouse\/","title":{"rendered":"DawnHouse"},"content":{"rendered":"<h3>Avec le bon lit, tout est facile.<\/h3>\n<p dir=\"auto\">Le lit Dawn House est la meilleure alternative au lit d&#8217;h\u00f4pital pour vous aider \u00e0 prendre soin de votre sant\u00e9. Le syst\u00e8me de sommeil personnalis\u00e9 offre une hauteur r\u00e9glable haut\/bas, une barri\u00e8re de support en option, un \u00e9clairage sous le lit, une commande vocale et une t\u00e9l\u00e9commande, ainsi qu&#8217;une surveillance de l\u2019\u00e9tat de sant\u00e9. Le tout est offert dans un magnifique design qui vous rendra fier. La t\u00eate de lit d\u00e9corative est incluse dans chaque ensemble de lit Dawn House.<\/p>\n<h4 dir=\"auto\"><img decoding=\"async\" class=\"alignnone wp-image-18798\" style=\"font-size: 16px;\" src=\"https:\/\/www.matelaslapensee.ca\/wp-content\/uploads\/2023\/11\/ML-SVG-1-Nov2023-555x333.png\" alt=\"\" width=\"116\" height=\"70\" \/>Hauteur de lit r\u00e9glable<\/h4>\n<p>Soulevez ou abaissez le lit pour faciliter l&#8217;entr\u00e9e, la sortie ou la position assise sur le lit.<\/p>\n<h4 dir=\"auto\"><img decoding=\"async\" class=\"alignnone wp-image-18806\" src=\"https:\/\/www.matelaslapensee.ca\/wp-content\/uploads\/2023\/11\/ML-SVG-2-Nov2023-555x347.png\" alt=\"\" width=\"116\" height=\"73\" \/> Barri\u00e8re de support en option<\/h4>\n<p dir=\"auto\">Con\u00e7ue pour ceux qui aiment un peu d&#8217;aide pour entrer et sortir du lit, la barri\u00e8re se d\u00e9place \u00e0 l&#8217;unisson avec n&#8217;importe quel r\u00e9glage de la base.<\/p>\n<p>&nbsp;<\/p>\n<h4 dir=\"auto\"><img decoding=\"async\" class=\"alignnone wp-image-18808\" style=\"font-size: 16px;\" src=\"https:\/\/www.matelaslapensee.ca\/wp-content\/uploads\/2023\/11\/ML-SVG-3-Nov2023.png\" alt=\"\" width=\"116\" height=\"51\" \/> \u00c9clairage sous le lit<\/h4>\n<p dir=\"auto\">\u00c9clairage LED activ\u00e9 par le mouvement pour une meilleure visibilit\u00e9 dans des environnements de faible luminosit\u00e9.<\/p>\n<p>&nbsp;<\/p>\n<h4 dir=\"auto\"><img loading=\"lazy\" decoding=\"async\" class=\"alignnone wp-image-18802\" src=\"https:\/\/www.matelaslapensee.ca\/wp-content\/uploads\/2023\/11\/ML-SVG-5-Nov2023.png\" alt=\"\" width=\"116\" height=\"71\" \/>Fonction anti-ronflement<\/h4>\n<p dir=\"auto\">Sur\u00e9l\u00e8ve doucement et automatiquement la t\u00eate du lit pour att\u00e9nuer les effets du ronflement.<\/p>\n<p>&nbsp;<\/p>\n<h4 dir=\"auto\"><img loading=\"lazy\" decoding=\"async\" class=\"alignnone wp-image-18800\" src=\"https:\/\/www.matelaslapensee.ca\/wp-content\/uploads\/2023\/11\/ML-SVG-6-Nov2023.png\" alt=\"\" width=\"116\" height=\"59\" \/> Aide au r\u00e9veil<\/h4>\n<p dir=\"auto\">Fixez une heure pour relever doucement la t\u00eate du lit pour un r\u00e9veil tout en douceur.<\/p>\n<p>&nbsp;<\/p>\n<h3 dir=\"auto\">Fonctions additionnelles<\/h3>\n<p>&nbsp;<\/p>\n<h4>T\u00eate de lit d\u00e9corative incluse<\/h4>\n<p dir=\"auto\">La t\u00eate de lit d\u00e9corative est incluse dans chaque ensemble de lit Dawn House, comme le montrent les images.<\/p>\n<p>&nbsp;<\/p>\n<h4 dir=\"auto\">Capteurs de sant\u00e9 et fonctions de s\u00e9curit\u00e9<\/h4>\n<p dir=\"auto\">Surveille passivement les cycles de sommeil, les indicateurs de sant\u00e9 vitaux et se connecte \u00e0 l&#8217;application mobile du lit Dawn House. Vous trouverez aussi des fonctionnalit\u00e9s qui vous aident \u00e0 vous sentir en s\u00e9curit\u00e9. Le lit Dawn House offre les caract\u00e9ristiques de s\u00e9curit\u00e9 d&#8217;un lit d&#8217;h\u00f4pital, et bien plus encore, avec un design luxueux. La barri\u00e8re de support en option offre plus d&#8217;ind\u00e9pendance et se fixe facilement pour un soutien suppl\u00e9mentaire pour entrer et sortir du lit.<\/p>\n<p>&nbsp;<\/p>\n<h4 dir=\"auto\">Commande vocale<\/h4>\n<p dir=\"auto\">La console vocale permet de contr\u00f4ler le lit \u00e0 l&#8217;aide de simples commandes vocales. La console est \u00e9galement une station de recharge sans fil pour t\u00e9l\u00e9phone intelligent.<\/p>\n<p>&nbsp;<\/p>\n<h4 dir=\"auto\">T\u00e9l\u00e9commande<\/h4>\n<p dir=\"auto\">La t\u00e9l\u00e9commande sans fil pr\u00e9sente un design ergonomique avec des boutons tactiles \u00e0 contraste \u00e9lev\u00e9, r\u00e9tro\u00e9clair\u00e9s et faciles \u00e0 utiliser, m\u00eame dans l&#8217;obscurit\u00e9.<\/p>\n<p>&nbsp;<\/p>\n<h4 dir=\"auto\">Application mobile (iPhone et Android)<\/h4>\n<p dir=\"auto\">L&#8217;application Dawn House comprend \u00e9galement des commandes pour toutes les fonctions du lit en plus de fournir des informations sur l&#8217;activit\u00e9 du sommeil et d&#8217;autres facteurs de sant\u00e9 vitaux.<\/p>\n<p>&nbsp;<\/p>\n<h4 dir=\"auto\">Tailles : Choisissez parmi cinq configurations de tailles<\/h4>\n<p dir=\"auto\">Jumeau Long: 38&#8243; de largeur x 80&#8243; de longueur<br \/>\nDouble: 54&#8243; de largeur x 75&#8243; de longueur<br \/>\nQueen: 60&#8243; de largeur x 80&#8243; de longueur<br \/>\nKing: 76&#8243; de largeur x 80&#8243; de longueur<\/p>\n","protected":false},"excerpt":{"rendered":"<p>Avec le bon lit, tout est facile. Le lit Dawn House est la meilleure alternative au lit d&#8217;h\u00f4pital pour vous aider \u00e0 prendre soin de votre sant\u00e9. Le syst\u00e8me de sommeil personnalis\u00e9 offre une hauteur r\u00e9glable haut\/bas, une barri\u00e8re de support en option, un \u00e9clairage sous le lit, une commande vocale et une t\u00e9l\u00e9commande, ainsi &hellip; <a href=\"https:\/\/www.matelaslapensee.ca\/fr\/produit\/dawnhouse\/\" class=\"more-link\">En savoir plus <span class=\"screen-reader-text\">DawnHouse<\/span><\/a><\/p>\n","protected":false},"featured_media":18797,"comment_status":"closed","ping_status":"closed","template":"","meta":{"_acf_changed":false},"product_brand":[],"product_cat":[274],"product_tag":[],"class_list":{"0":"post-18834","1":"product","2":"type-product","3":"status-publish","4":"has-post-thumbnail","6":"product_cat-adjustable-foundation-fr","7":"pa_mattress-size-taille-double","8":"pa_mattress-size-jumeau-xl","9":"pa_mattress-size-taille-king","10":"pa_mattress-size-taille-queen","13":"instock","14":"taxable","15":"shipping-taxable","16":"purchasable","17":"product-type-variable"},"acf":[],"_links":{"self":[{"href":"https:\/\/www.matelaslapensee.ca\/fr\/wp-json\/wp\/v2\/product\/18834","targetHints":{"allow":["GET"]}}],"collection":[{"href":"https:\/\/www.matelaslapensee.ca\/fr\/wp-json\/wp\/v2\/product"}],"about":[{"href":"https:\/\/www.matelaslapensee.ca\/fr\/wp-json\/wp\/v2\/types\/product"}],"replies":[{"embeddable":true,"href":"https:\/\/www.matelaslapensee.ca\/fr\/wp-json\/wp\/v2\/comments?post=18834"}],"wp:featuredmedia":[{"embeddable":true,"href":"https:\/\/www.matelaslapensee.ca\/fr\/wp-json\/wp\/v2\/media\/18797"}],"wp:attachment":[{"href":"https:\/\/www.matelaslapensee.ca\/fr\/wp-json\/wp\/v2\/media?parent=18834"}],"wp:term":[{"taxonomy":"product_brand","embeddable":true,"href":"https:\/\/www.matelaslapensee.ca\/fr\/wp-json\/wp\/v2\/product_brand?post=18834"},{"taxonomy":"product_cat","embeddable":true,"href":"https:\/\/www.matelaslapensee.ca\/fr\/wp-json\/wp\/v2\/product_cat?post=18834"},{"taxonomy":"product_tag","embeddable":true,"href":"https:\/\/www.matelaslapensee.ca\/fr\/wp-json\/wp\/v2\/product_tag?post=18834"}],"curies":[{"name":"wp","href":"https:\/\/api.w.org\/{rel}","templated":true}]}}