{"id":18865,"date":"2023-12-15T16:39:30","date_gmt":"2023-12-15T21:39:30","guid":{"rendered":"https:\/\/www.matelaslapensee.ca\/?post_type=product&#038;p=18865"},"modified":"2025-12-16T16:08:43","modified_gmt":"2025-12-16T21:08:43","slug":"trio-de-tranquillite","status":"publish","type":"product","link":"https:\/\/www.matelaslapensee.ca\/fr\/produit\/trio-de-tranquillite\/","title":{"rendered":"Trio de tranquillit\u00e9"},"content":{"rendered":"<p><strong>Le trio de tranquilit\u00e9 comprend une bougie de soja, un brume d&#8217;oreiller et des sels de bain.<\/strong><\/p>\n<p><strong>Livraison gratuite \u00e0 Ottawa et Gatineau. Ramassage en magasin \u00e9galement disponible.<\/strong><\/p>\n<p><strong>Sels de bain :<\/strong> Vivez l&#8217;ultime relaxation avec nos luxueux sels de bain infus\u00e9s des parfums apaisants d&#8217;eucalyptus et de lavande. Notre m\u00e9lange soigneusement \u00e9labor\u00e9 est con\u00e7u pour vous transporter vers une oasis sereine, pr\u00e9parant votre esprit et votre corps pour une nuit de sommeil paisible sur un matelas Lapens\u00e9e.<\/p>\n<p><strong>Brume d&#8217;oreiller :<\/strong> Transformez votre chambre en un havre de tranquillit\u00e9 avec la captivante brume d&#8217;oreiller de Matelas Lapens\u00e9e. Infus\u00e9e des fragrances d\u00e9licates d&#8217;eucalyptus et de lavande et con\u00e7ue \u00e0 la perfection, notre brume d&#8217;oreiller est con\u00e7ue pour revigorer votre environnement et \u00e9voquer une sensation de calme favorisant un sommeil r\u00e9parateur sur votre matelas Lapens\u00e9e.<\/p>\n<p><strong>Bougie de soja :<\/strong> Fabriqu\u00e9e avec soin, notre bougie de soja offre une exp\u00e9rience luxueuse, impr\u00e9gnant votre espace de parfums envo\u00fbtants d&#8217;eucalyptus et de lavande ainsi que d&#8217;une lueur chaleureuse et r\u00e9confortante. Fabriqu\u00e9e \u00e0 partir de cire de soja de qualit\u00e9 sup\u00e9rieure, notre bougie br\u00fble proprement et uniform\u00e9ment, assurant une exp\u00e9rience durable et respectueuse de l&#8217;environnement. Parfaite pour cr\u00e9er une ambiance sereine pour la m\u00e9ditation, la relaxation, ou simplement pour se d\u00e9tendre apr\u00e8s une longue journ\u00e9e. Pr\u00e9parez votre esprit et votre corps pour un sommeil paisible sur votre matelas Lapens\u00e9e.<\/p>\n<p>*Les articles peuvent \u00eatre achet\u00e9s individuellement en magasin.<\/p>\n","protected":false},"excerpt":{"rendered":"<p>Le trio de tranquilit\u00e9 comprend une bougie de soja, un brume d&#8217;oreiller et des sels de bain. Livraison gratuite \u00e0 Ottawa et Gatineau. Ramassage en magasin \u00e9galement disponible. Sels de bain : Vivez l&#8217;ultime relaxation avec nos luxueux sels de bain infus\u00e9s des parfums apaisants d&#8217;eucalyptus et de lavande. Notre m\u00e9lange soigneusement \u00e9labor\u00e9 est con\u00e7u &hellip; <a href=\"https:\/\/www.matelaslapensee.ca\/fr\/produit\/trio-de-tranquillite\/\" class=\"more-link\">En savoir plus <span class=\"screen-reader-text\">Trio de tranquillit\u00e9<\/span><\/a><\/p>\n","protected":false},"featured_media":18833,"comment_status":"closed","ping_status":"closed","template":"","meta":{"_acf_changed":false},"product_brand":[],"product_cat":[173],"product_tag":[],"class_list":{"0":"post-18865","1":"product","2":"type-product","3":"status-publish","4":"has-post-thumbnail","6":"product_cat-accessoires","7":"product_shipping_class-accessoires","10":"outofstock","11":"taxable","12":"shipping-taxable","13":"purchasable","14":"product-type-simple"},"acf":[],"_links":{"self":[{"href":"https:\/\/www.matelaslapensee.ca\/fr\/wp-json\/wp\/v2\/product\/18865","targetHints":{"allow":["GET"]}}],"collection":[{"href":"https:\/\/www.matelaslapensee.ca\/fr\/wp-json\/wp\/v2\/product"}],"about":[{"href":"https:\/\/www.matelaslapensee.ca\/fr\/wp-json\/wp\/v2\/types\/product"}],"replies":[{"embeddable":true,"href":"https:\/\/www.matelaslapensee.ca\/fr\/wp-json\/wp\/v2\/comments?post=18865"}],"wp:featuredmedia":[{"embeddable":true,"href":"https:\/\/www.matelaslapensee.ca\/fr\/wp-json\/wp\/v2\/media\/18833"}],"wp:attachment":[{"href":"https:\/\/www.matelaslapensee.ca\/fr\/wp-json\/wp\/v2\/media?parent=18865"}],"wp:term":[{"taxonomy":"product_brand","embeddable":true,"href":"https:\/\/www.matelaslapensee.ca\/fr\/wp-json\/wp\/v2\/product_brand?post=18865"},{"taxonomy":"product_cat","embeddable":true,"href":"https:\/\/www.matelaslapensee.ca\/fr\/wp-json\/wp\/v2\/product_cat?post=18865"},{"taxonomy":"product_tag","embeddable":true,"href":"https:\/\/www.matelaslapensee.ca\/fr\/wp-json\/wp\/v2\/product_tag?post=18865"}],"curies":[{"name":"wp","href":"https:\/\/api.w.org\/{rel}","templated":true}]}}