{"id":6435,"date":"2019-07-31T17:24:49","date_gmt":"2019-07-31T17:24:49","guid":{"rendered":"https:\/\/www.matelaslapensee.ca\/product\/surmatelas-oxygene\/"},"modified":"2019-10-28T15:19:48","modified_gmt":"2019-10-28T19:19:48","slug":"surmatelas-oxygene","status":"publish","type":"product","link":"https:\/\/www.matelaslapensee.ca\/fr\/produit\/surmatelas-oxygene\/","title":{"rendered":"Surmatelas Oxyg\u00e8ne"},"content":{"rendered":"<p>Contient 2\u2033 de mousse qui prend l\u2019empreinte de votre corps pour une sensation de l\u00e9g\u00e8ret\u00e9 ultime. Id\u00e9al pour assouplir un matelas ferme ou pour ajouter du confort \u00e0 votre matelas.<\/p>\n","protected":false},"excerpt":{"rendered":"<p>Contient 2\u2033 de mousse qui prend l\u2019empreinte de votre corps pour une sensation de l\u00e9g\u00e8ret\u00e9 ultime. Id\u00e9al pour assouplir un matelas ferme ou pour ajouter du confort \u00e0 votre matelas.<\/p>\n","protected":false},"featured_media":6208,"comment_status":"closed","ping_status":"closed","template":"","meta":{"_acf_changed":false},"product_brand":[],"product_cat":[173,334],"product_tag":[],"class_list":{"0":"post-6435","1":"product","2":"type-product","3":"status-publish","4":"has-post-thumbnail","6":"product_cat-accessoires","7":"product_cat-mattress-toppers-fr","8":"product_shipping_class-accessoires","9":"pa_material-mousse-decouverte","10":"pa_material-recouvert-de-tissu","11":"pa_mattress-size-taille-double","12":"pa_mattress-size-taille-king","13":"pa_mattress-size-taille-queen","14":"pa_mattress-size-taille-simple","15":"pa_mattress-size-taille-simple-xl","18":"instock","19":"taxable","20":"shipping-taxable","21":"purchasable","22":"product-type-variable"},"acf":[],"_links":{"self":[{"href":"https:\/\/www.matelaslapensee.ca\/fr\/wp-json\/wp\/v2\/product\/6435","targetHints":{"allow":["GET"]}}],"collection":[{"href":"https:\/\/www.matelaslapensee.ca\/fr\/wp-json\/wp\/v2\/product"}],"about":[{"href":"https:\/\/www.matelaslapensee.ca\/fr\/wp-json\/wp\/v2\/types\/product"}],"replies":[{"embeddable":true,"href":"https:\/\/www.matelaslapensee.ca\/fr\/wp-json\/wp\/v2\/comments?post=6435"}],"wp:featuredmedia":[{"embeddable":true,"href":"https:\/\/www.matelaslapensee.ca\/fr\/wp-json\/wp\/v2\/media\/6208"}],"wp:attachment":[{"href":"https:\/\/www.matelaslapensee.ca\/fr\/wp-json\/wp\/v2\/media?parent=6435"}],"wp:term":[{"taxonomy":"product_brand","embeddable":true,"href":"https:\/\/www.matelaslapensee.ca\/fr\/wp-json\/wp\/v2\/product_brand?post=6435"},{"taxonomy":"product_cat","embeddable":true,"href":"https:\/\/www.matelaslapensee.ca\/fr\/wp-json\/wp\/v2\/product_cat?post=6435"},{"taxonomy":"product_tag","embeddable":true,"href":"https:\/\/www.matelaslapensee.ca\/fr\/wp-json\/wp\/v2\/product_tag?post=6435"}],"curies":[{"name":"wp","href":"https:\/\/api.w.org\/{rel}","templated":true}]}}