{"id":6440,"date":"2019-07-10T18:52:22","date_gmt":"2019-07-10T18:52:22","guid":{"rendered":"https:\/\/www.matelaslapensee.ca\/product\/oreiller-intuition\/"},"modified":"2019-10-28T15:18:03","modified_gmt":"2019-10-28T19:18:03","slug":"oreiller-intuition","status":"publish","type":"product","link":"https:\/\/www.matelaslapensee.ca\/fr\/produit\/oreiller-intuition\/","title":{"rendered":"Oreiller Intuition"},"content":{"rendered":"<p>\u2022 Mousse oxyg\u00e8ne performance \u2013 Soulage la pression mieux que la mousse de m\u00e9moire<br \/>\n\u2022 Multiposition pour un confort et un soutien personnalis\u00e9<br \/>\n\u2022 Housse \u00e0 glissi\u00e8re en maille polyester 300 GSM doubl\u00e9e amovible et lavable \u00e0 la machine<br \/>\n\u2022 Hypoallerg\u00e9nique<\/p>\n","protected":false},"excerpt":{"rendered":"<p>\u2022 Mousse oxyg\u00e8ne performance \u2013 Soulage la pression mieux que la mousse de m\u00e9moire \u2022 Multiposition pour un confort et un soutien personnalis\u00e9 \u2022 Housse \u00e0 glissi\u00e8re en maille polyester 300 GSM doubl\u00e9e amovible et lavable \u00e0 la machine \u2022 Hypoallerg\u00e9nique<\/p>\n","protected":false},"featured_media":18723,"comment_status":"closed","ping_status":"closed","template":"","meta":{"_acf_changed":false},"product_brand":[],"product_cat":[173,303],"product_tag":[],"class_list":{"0":"post-6440","1":"product","2":"type-product","3":"status-publish","4":"has-post-thumbnail","6":"product_cat-accessoires","7":"product_cat-oreillers","8":"product_shipping_class-accessoires","11":"instock","12":"taxable","13":"shipping-taxable","14":"purchasable","15":"product-type-simple"},"acf":[],"_links":{"self":[{"href":"https:\/\/www.matelaslapensee.ca\/fr\/wp-json\/wp\/v2\/product\/6440","targetHints":{"allow":["GET"]}}],"collection":[{"href":"https:\/\/www.matelaslapensee.ca\/fr\/wp-json\/wp\/v2\/product"}],"about":[{"href":"https:\/\/www.matelaslapensee.ca\/fr\/wp-json\/wp\/v2\/types\/product"}],"replies":[{"embeddable":true,"href":"https:\/\/www.matelaslapensee.ca\/fr\/wp-json\/wp\/v2\/comments?post=6440"}],"wp:featuredmedia":[{"embeddable":true,"href":"https:\/\/www.matelaslapensee.ca\/fr\/wp-json\/wp\/v2\/media\/18723"}],"wp:attachment":[{"href":"https:\/\/www.matelaslapensee.ca\/fr\/wp-json\/wp\/v2\/media?parent=6440"}],"wp:term":[{"taxonomy":"product_brand","embeddable":true,"href":"https:\/\/www.matelaslapensee.ca\/fr\/wp-json\/wp\/v2\/product_brand?post=6440"},{"taxonomy":"product_cat","embeddable":true,"href":"https:\/\/www.matelaslapensee.ca\/fr\/wp-json\/wp\/v2\/product_cat?post=6440"},{"taxonomy":"product_tag","embeddable":true,"href":"https:\/\/www.matelaslapensee.ca\/fr\/wp-json\/wp\/v2\/product_tag?post=6440"}],"curies":[{"name":"wp","href":"https:\/\/api.w.org\/{rel}","templated":true}]}}