{"id":6443,"date":"2019-07-10T18:48:21","date_gmt":"2019-07-10T18:48:21","guid":{"rendered":"https:\/\/www.matelaslapensee.ca\/product\/oreiller-latex\/"},"modified":"2019-10-28T15:17:17","modified_gmt":"2019-10-28T19:17:17","slug":"oreiller-latex","status":"publish","type":"product","link":"https:\/\/www.matelaslapensee.ca\/fr\/produit\/oreiller-latex\/","title":{"rendered":"Oreiller Latex"},"content":{"rendered":"<p>Oreiller \u00e0 forme fixe moul\u00e9e en latex de fermet\u00e9 moyenne.<\/p>\n<ul>\n<li>Latex hypoallerg\u00e9nique et tr\u00e8s durable<\/li>\n<li>Facilit\u00e9 \u00e0 laisser l\u2019air circuler pour un confort temp\u00e9r\u00e9<\/li>\n<li>Enveloppe flexible faite de coton biologique<\/li>\n<\/ul>\n","protected":false},"excerpt":{"rendered":"<p>Oreiller \u00e0 forme fixe moul\u00e9e en latex de fermet\u00e9 moyenne. Latex hypoallerg\u00e9nique et tr\u00e8s durable Facilit\u00e9 \u00e0 laisser l\u2019air circuler pour un confort temp\u00e9r\u00e9 Enveloppe flexible faite de coton biologique<\/p>\n","protected":false},"featured_media":6192,"comment_status":"closed","ping_status":"closed","template":"","meta":{"_acf_changed":false},"product_brand":[],"product_cat":[173,303],"product_tag":[],"class_list":{"0":"post-6443","1":"product","2":"type-product","3":"status-publish","4":"has-post-thumbnail","6":"product_cat-accessoires","7":"product_cat-oreillers","8":"product_shipping_class-accessoires","11":"instock","12":"taxable","13":"shipping-taxable","14":"purchasable","15":"product-type-simple"},"acf":[],"_links":{"self":[{"href":"https:\/\/www.matelaslapensee.ca\/fr\/wp-json\/wp\/v2\/product\/6443","targetHints":{"allow":["GET"]}}],"collection":[{"href":"https:\/\/www.matelaslapensee.ca\/fr\/wp-json\/wp\/v2\/product"}],"about":[{"href":"https:\/\/www.matelaslapensee.ca\/fr\/wp-json\/wp\/v2\/types\/product"}],"replies":[{"embeddable":true,"href":"https:\/\/www.matelaslapensee.ca\/fr\/wp-json\/wp\/v2\/comments?post=6443"}],"wp:featuredmedia":[{"embeddable":true,"href":"https:\/\/www.matelaslapensee.ca\/fr\/wp-json\/wp\/v2\/media\/6192"}],"wp:attachment":[{"href":"https:\/\/www.matelaslapensee.ca\/fr\/wp-json\/wp\/v2\/media?parent=6443"}],"wp:term":[{"taxonomy":"product_brand","embeddable":true,"href":"https:\/\/www.matelaslapensee.ca\/fr\/wp-json\/wp\/v2\/product_brand?post=6443"},{"taxonomy":"product_cat","embeddable":true,"href":"https:\/\/www.matelaslapensee.ca\/fr\/wp-json\/wp\/v2\/product_cat?post=6443"},{"taxonomy":"product_tag","embeddable":true,"href":"https:\/\/www.matelaslapensee.ca\/fr\/wp-json\/wp\/v2\/product_tag?post=6443"}],"curies":[{"name":"wp","href":"https:\/\/api.w.org\/{rel}","templated":true}]}}