{"id":6447,"date":"2019-07-10T18:44:15","date_gmt":"2019-07-10T18:44:15","guid":{"rendered":"https:\/\/www.matelaslapensee.ca\/product\/oreiller-confort-supreme\/"},"modified":"2019-10-28T15:17:05","modified_gmt":"2019-10-28T19:17:05","slug":"oreiller-confort-supreme","status":"publish","type":"product","link":"https:\/\/www.matelaslapensee.ca\/fr\/produit\/oreiller-confort-supreme\/","title":{"rendered":"Oreiller Confort Supr\u00eame"},"content":{"rendered":"<p>Oreiller ultra luxueux compos\u00e9 de 22 onces de duvet europ\u00e9en.<\/p>\n<p>&nbsp;<\/p>\n<p>-Sensation de dormir sur un nuage<br \/>\n-Oreiller somptueux et moelleux \u00e0 la fois<br \/>\n-Permet de dormir au frais<\/p>\n","protected":false},"excerpt":{"rendered":"<p>Oreiller ultra luxueux compos\u00e9 de 22 onces de duvet europ\u00e9en. &nbsp; -Sensation de dormir sur un nuage -Oreiller somptueux et moelleux \u00e0 la fois -Permet de dormir au frais<\/p>\n","protected":false},"featured_media":6184,"comment_status":"closed","ping_status":"closed","template":"","meta":{"_acf_changed":false},"product_brand":[],"product_cat":[173,303],"product_tag":[],"class_list":{"0":"post-6447","1":"product","2":"type-product","3":"status-publish","4":"has-post-thumbnail","6":"product_cat-accessoires","7":"product_cat-oreillers","8":"product_shipping_class-accessoires","9":"pa_mattress-size-taille-king","10":"pa_mattress-size-taille-queen","13":"instock","14":"taxable","15":"shipping-taxable","16":"purchasable","17":"product-type-variable"},"acf":[],"_links":{"self":[{"href":"https:\/\/www.matelaslapensee.ca\/fr\/wp-json\/wp\/v2\/product\/6447","targetHints":{"allow":["GET"]}}],"collection":[{"href":"https:\/\/www.matelaslapensee.ca\/fr\/wp-json\/wp\/v2\/product"}],"about":[{"href":"https:\/\/www.matelaslapensee.ca\/fr\/wp-json\/wp\/v2\/types\/product"}],"replies":[{"embeddable":true,"href":"https:\/\/www.matelaslapensee.ca\/fr\/wp-json\/wp\/v2\/comments?post=6447"}],"wp:featuredmedia":[{"embeddable":true,"href":"https:\/\/www.matelaslapensee.ca\/fr\/wp-json\/wp\/v2\/media\/6184"}],"wp:attachment":[{"href":"https:\/\/www.matelaslapensee.ca\/fr\/wp-json\/wp\/v2\/media?parent=6447"}],"wp:term":[{"taxonomy":"product_brand","embeddable":true,"href":"https:\/\/www.matelaslapensee.ca\/fr\/wp-json\/wp\/v2\/product_brand?post=6447"},{"taxonomy":"product_cat","embeddable":true,"href":"https:\/\/www.matelaslapensee.ca\/fr\/wp-json\/wp\/v2\/product_cat?post=6447"},{"taxonomy":"product_tag","embeddable":true,"href":"https:\/\/www.matelaslapensee.ca\/fr\/wp-json\/wp\/v2\/product_tag?post=6447"}],"curies":[{"name":"wp","href":"https:\/\/api.w.org\/{rel}","templated":true}]}}