{"id":6562,"date":"2019-07-10T14:32:23","date_gmt":"2019-07-10T14:32:23","guid":{"rendered":"https:\/\/www.matelaslapensee.ca\/product\/matelas-confort-elite\/"},"modified":"2026-01-03T17:11:43","modified_gmt":"2026-01-03T22:11:43","slug":"matelas-confort-elite","status":"publish","type":"product","link":"https:\/\/www.matelaslapensee.ca\/fr\/produit\/matelas-confort-elite\/","title":{"rendered":"Matelas Confort \u00c9lite"},"content":{"rendered":"<div class=\"eut-element eut-text\">\n<div>Voici la Collection Confort \u00c9lite qui offre le meilleur des deux mondes: des produits d\u2019excellente qualit\u00e9 \u00e0 tr\u00e8s bon prix! La Collection Confort \u00c9lite se distingue par sa fabrication compos\u00e9e de ressors ensach\u00e9s couverts d\u2019une mousse de haute densit\u00e9 pour un confort durable. Il s\u2019agit d\u2019un matelas d\u2019une \u00e9paisseur de 11&#8243;, parfait pour les bases, et il est garantie pour une p\u00e9riode de 10 ans.<\/div>\n<div><\/div>\n<\/div>\n<ul>\n<li class=\"list-ressort\"><strong>800 ressorts ensach\u00e9s de haute compression<\/strong> (proportion Queen): Les ressorts ensach\u00e9s de Matelas Lapens\u00e9e s\u2019ajustent aux formes naturelles de votre corps pour un soutien personnalis\u00e9.<\/li>\n<li class=\"list-reverse\"><strong>R\u00e9versible<\/strong>: La mousse confort est pr\u00e9sente sur les deux c\u00f4t\u00e9s du matelas pour permettre une rotation de la t\u00eate aux pieds ainsi qu\u2019une rotation compl\u00e8te d\u2019un c\u00f4t\u00e9 \u00e0 l\u2019autre, ce qui assure une vie plus longue et plus confortable \u00e0 votre matelas.<\/li>\n<li class=\"list-reverse\"><strong>Mousse pure de haute densit\u00e9<\/strong>: Elle assure un support et un confort tout en \u00e9liminant les points de pression.<\/li>\n<li class=\"list-pique-confort\"><strong>Piqu\u00e9 Confort<\/strong>: Le piqu\u00e9 confort procure un coussin souple pour le soulagement des points de pression. Les fibres naturelles rehaussent le confort et la capacit\u00e9 du piqu\u00e9 \u00e0 respirer facilement. Le piqu\u00e9 confort est hypoallerg\u00e9nique et anti-bact\u00e9rien et vous assure ainsi une excellente nuit de sommeil!<\/li>\n<li class=\"list-transfert-mouvement\"><strong>Aucun transfert de mouvement<\/strong>: Les ressorts ensach\u00e9s individuellement \u00e9liminent la sensation des mouvements d\u2019un partenaire avec qui vous partagez le lit.<\/li>\n<li class=\"list-lit\"><strong>Confort garantie pendant 100 nuits<\/strong>: Dormez bien sans soucis! Des modifications sont possibles apr\u00e8s achat.<\/li>\n<li class=\"list-aeration\"><strong>A\u00e9ration accrue<\/strong>: Le matelas est con\u00e7u pour laisser l\u2019air circuler facilement ce qui permet un sommeil au frais et au sec.<\/li>\n<li class=\"list-certipur\"><strong>Certifi\u00e9 Certi-Pur US<\/strong>: Notre mousse pure et le contenu du matelas sont test\u00e9s pour d\u00e9terminer sa performance pour un corps et une \u00e2me plus en sant\u00e9. \u00a0Plus d\u2019informations sur <a href=\"http:\/\/www.certipur.us\/\" target=\"_blank\" rel=\"noopener noreferrer\"><b>certipur.us<\/b><\/a><\/li>\n<\/ul>\n<p>Toutes les dimensions sont sujettes \u00e0 une variation standard dans l\u2019industrie de +\/- 0.5\u201d (1.27 cm)<\/p>\n<p>Veuillez noter que les tissus et les capitonnages peuvent \u00eatre modifi\u00e9s sans avertissement pr\u00e9alable.<\/p>\n<p><strong>12 VERSEMENTS \u00c9GAUX SANS INT\u00c9R\u00caT<\/strong><\/p>\n<p>Une bonne option s\u2019offre \u00e0 vous: payer en 12 versements mensuels \u00e9gaux sans int\u00e9r\u00eats gr\u00e2ce au financement Flexiti. Il suffit de remplir un simple formulaire et vous pourrez compl\u00e9ter votre transaction pour profiter de votre nouveau matelas sans soucis!<\/p>\n<p>N\u2019h\u00e9sitez pas \u00e0 discuter avec nous du financement Flexiti*.<\/p>\n<p>*Sur approbation du cr\u00e9dit pour tout achat de matelas.<\/p>\n<p><img decoding=\"async\" class=\"alignnone size-full wp-image-17994\" src=\"https:\/\/www.matelaslapensee.ca\/wp-content\/uploads\/2022\/05\/flexiti-logo.png\" alt=\"\" width=\"250\" height=\"80\" \/><\/p>\n","protected":false},"excerpt":{"rendered":"<p>Voici la Collection Confort \u00c9lite qui offre le meilleur des deux mondes: des produits d\u2019excellente qualit\u00e9 \u00e0 tr\u00e8s bon prix! La Collection Confort \u00c9lite se distingue par sa fabrication compos\u00e9e de ressors ensach\u00e9s couverts d\u2019une mousse de haute densit\u00e9 pour un confort durable. Il s\u2019agit d\u2019un matelas d\u2019une \u00e9paisseur de 11&#8243;, parfait pour les bases, &hellip; <a href=\"https:\/\/www.matelaslapensee.ca\/fr\/produit\/matelas-confort-elite\/\" class=\"more-link\">En savoir plus <span class=\"screen-reader-text\">Matelas Confort \u00c9lite<\/span><\/a><\/p>\n","protected":false},"featured_media":6101,"comment_status":"closed","ping_status":"closed","template":"","meta":{"_acf_changed":false},"product_brand":[],"product_cat":[170],"product_tag":[],"class_list":{"0":"post-6562","1":"product","2":"type-product","3":"status-publish","4":"has-post-thumbnail","6":"product_cat-matelas-ressorts-ensaches","7":"product_shipping_class-matelas","8":"pa_compare-comfort-oui2","9":"pa_compare-density-2-livres","10":"pa_compare-quilt-tissu-tricote-polycoton","11":"pa_compare-warranty-10-ans","12":"pa_mattress-box-ajouter-un-sommier","13":"pa_mattress-box-ajouter-base-ajustable-e4","14":"pa_mattress-box-ajouter-base-ergomotion-e6","15":"pa_mattress-box-matelas-seulement","16":"pa_mattress-comfort-latex-naturel","17":"pa_mattress-comfort-mousse-memoire","18":"pa_mattress-comfort-mousse-de-soya","19":"pa_mattress-firmness-ferme","20":"pa_mattress-firmness-semi-ferme","21":"pa_mattress-firmness-souple","22":"pa_mattress-firmness-tres-ferme","23":"pa_mattress-size-taille-double","24":"pa_mattress-size-taille-king","25":"pa_mattress-size-taille-queen","26":"pa_mattress-size-taille-simple","27":"pa_mattress-size-taille-simple-xl","30":"instock","31":"taxable","32":"shipping-taxable","33":"purchasable","34":"product-type-variable"},"acf":[],"_links":{"self":[{"href":"https:\/\/www.matelaslapensee.ca\/fr\/wp-json\/wp\/v2\/product\/6562","targetHints":{"allow":["GET"]}}],"collection":[{"href":"https:\/\/www.matelaslapensee.ca\/fr\/wp-json\/wp\/v2\/product"}],"about":[{"href":"https:\/\/www.matelaslapensee.ca\/fr\/wp-json\/wp\/v2\/types\/product"}],"replies":[{"embeddable":true,"href":"https:\/\/www.matelaslapensee.ca\/fr\/wp-json\/wp\/v2\/comments?post=6562"}],"wp:featuredmedia":[{"embeddable":true,"href":"https:\/\/www.matelaslapensee.ca\/fr\/wp-json\/wp\/v2\/media\/6101"}],"wp:attachment":[{"href":"https:\/\/www.matelaslapensee.ca\/fr\/wp-json\/wp\/v2\/media?parent=6562"}],"wp:term":[{"taxonomy":"product_brand","embeddable":true,"href":"https:\/\/www.matelaslapensee.ca\/fr\/wp-json\/wp\/v2\/product_brand?post=6562"},{"taxonomy":"product_cat","embeddable":true,"href":"https:\/\/www.matelaslapensee.ca\/fr\/wp-json\/wp\/v2\/product_cat?post=6562"},{"taxonomy":"product_tag","embeddable":true,"href":"https:\/\/www.matelaslapensee.ca\/fr\/wp-json\/wp\/v2\/product_tag?post=6562"}],"curies":[{"name":"wp","href":"https:\/\/api.w.org\/{rel}","templated":true}]}}