{"id":6574,"date":"2019-07-10T14:26:13","date_gmt":"2019-07-10T14:26:13","guid":{"rendered":"https:\/\/www.matelaslapensee.ca\/product\/matelas-economique-classique\/"},"modified":"2024-08-30T10:55:06","modified_gmt":"2024-08-30T14:55:06","slug":"matelas-economique-classique","status":"publish","type":"product","link":"https:\/\/www.matelaslapensee.ca\/fr\/produit\/matelas-economique-classique\/","title":{"rendered":"Matelas \u00c9conomique Classique"},"content":{"rendered":"<p>Nous vous pr\u00e9sentons ici la Collection \u00c9conomique Classique qui a trois grands avantages: elle est abordable, confortable et durable. Nous avons choisi avec grand soin les mat\u00e9riaux de cette collection afin de maximiser un sommeil id\u00e9al au quotidien. Cette collection est optimale pour vos chalets, vos chambres d\u2019invit\u00e9s ou encore vos chambres d\u2019enfants. Il s\u2019agit d\u2019un matelas d\u2019une \u00e9paisseur de 11&#8243; et il est garantie pendant 8 ans.<\/p>\n<ul>\n<li class=\"list-ressort\"><strong>700 ressorts ensach\u00e9s de haute compression<\/strong>\u00a0(proportion Queen): Les ressorts ensach\u00e9s de Matelas Lapens\u00e9e s\u2019ajustent aux formes naturelles de votre corps pour un soutien personnalis\u00e9.<\/li>\n<li class=\"list-reverse\"><strong>R\u00e9versible<\/strong>: La mousse confort est pr\u00e9sente sur les deux c\u00f4t\u00e9s du matelas pour permettre une rotation de la t\u00eate aux pieds ainsi qu\u2019une rotation compl\u00e8te d\u2019un c\u00f4t\u00e9 \u00e0 l\u2019autre, ce qui assure une vie plus longue et plus confortable \u00e0 votre matelas.<\/li>\n<li class=\"list-reverse\"><strong>Mousse pure de haute densit\u00e9<\/strong>: Elle assure un support et un confort tout en \u00e9liminant les points de pression.<\/li>\n<li class=\"list-pique-confort\"><strong>Piqu\u00e9 Confort<\/strong>: Le piqu\u00e9 confort procure un coussin souple pour le soulagement des points de pression. Les fibres naturelles rehaussent le confort et la capacit\u00e9 du piqu\u00e9 \u00e0 respirer facilement. Le piqu\u00e9 confort est hypoallerg\u00e9nique et anti-bact\u00e9rien et vous assure ainsi une excellente nuit de sommeil!<\/li>\n<li class=\"list-transfert-mouvement\"><strong>Aucun transfert de mouvement<\/strong>: Les ressorts ensach\u00e9s individuellement \u00e9liminent la sensation des mouvements d\u2019un partenaire avec qui vous partagez le lit.<\/li>\n<li class=\"list-lit\"><strong>Confort garantie pendant 100 nuits<\/strong>: Dormez bien sans soucis! Des modifications sont possibles apr\u00e8s achat.<\/li>\n<li class=\"list-aeration\"><strong>A\u00e9ration accrue<\/strong>: Le matelas est con\u00e7u pour laisser l\u2019air circuler facilement ce qui permet un sommeil au frais et au sec.<\/li>\n<li class=\"list-certipur\"><strong>Certifi\u00e9 Certi-Pur US<\/strong>: Notre mousse pure et le contenu du matelas sont test\u00e9s pour d\u00e9terminer sa performance pour un corps et une \u00e2me plus en sant\u00e9. \u00a0Plus d\u2019informations sur <a href=\"http:\/\/www.certipur.us\/\" target=\"_blank\" rel=\"noopener noreferrer\">certipur.us<\/a><\/li>\n<\/ul>\n<p>Toutes les dimensions sont sujettes \u00e0 une variation standard dans l\u2019industrie de +\/- 0.5\u201d (1.27 cm)<\/p>\n<p>Veuillez noter que les tissus et les capitonnages peuvent \u00eatre modifi\u00e9s sans avertissement pr\u00e9alable.<\/p>\n<p><strong>12 VERSEMENTS \u00c9GAUX SANS INT\u00c9R\u00caT<\/strong><\/p>\n<p>Une bonne option s\u2019offre \u00e0 vous: payer en 12 versements mensuels \u00e9gaux sans int\u00e9r\u00eats gr\u00e2ce au financement Flexiti. Il suffit de remplir un simple formulaire et vous pourrez compl\u00e9ter votre transaction pour profiter de votre nouveau matelas sans soucis!<\/p>\n<p>N\u2019h\u00e9sitez pas \u00e0 discuter avec nous du financement Flexiti.<\/p>\n<p>*Sur approbation du cr\u00e9dit pour tout achat de matelas.<\/p>\n<p><img decoding=\"async\" class=\"alignnone size-full wp-image-17994\" src=\"https:\/\/www.matelaslapensee.ca\/wp-content\/uploads\/2022\/05\/flexiti-logo.png\" alt=\"\" width=\"250\" height=\"80\" \/><\/p>\n","protected":false},"excerpt":{"rendered":"<p>Nous vous pr\u00e9sentons ici la Collection \u00c9conomique Classique qui a trois grands avantages: elle est abordable, confortable et durable. Nous avons choisi avec grand soin les mat\u00e9riaux de cette collection afin de maximiser un sommeil id\u00e9al au quotidien. Cette collection est optimale pour vos chalets, vos chambres d\u2019invit\u00e9s ou encore vos chambres d\u2019enfants. Il s\u2019agit &hellip; <a href=\"https:\/\/www.matelaslapensee.ca\/fr\/produit\/matelas-economique-classique\/\" class=\"more-link\">En savoir plus <span class=\"screen-reader-text\">Matelas \u00c9conomique Classique<\/span><\/a><\/p>\n","protected":false},"featured_media":6144,"comment_status":"closed","ping_status":"closed","template":"","meta":{"_acf_changed":false},"product_brand":[],"product_cat":[170],"product_tag":[],"class_list":{"0":"post-6574","1":"product","2":"type-product","3":"status-publish","4":"has-post-thumbnail","6":"product_cat-matelas-ressorts-ensaches","7":"product_shipping_class-matelas","8":"pa_compare-comfort-oui1","9":"pa_compare-density-2-livres","10":"pa_compare-quilt-tissu-tricote-polycoton","11":"pa_mattress-box-ajouter-un-sommier","12":"pa_mattress-box-ajouter-base-ajustable-e4","13":"pa_mattress-box-ajouter-base-ergomotion-e6","14":"pa_mattress-box-matelas-seulement","15":"pa_mattress-comfort-latex-naturel","16":"pa_mattress-comfort-mousse-memoire","17":"pa_mattress-comfort-mousse-de-soya","18":"pa_mattress-firmness-ferme","19":"pa_mattress-firmness-souple","20":"pa_mattress-size-taille-double","21":"pa_mattress-size-taille-king","22":"pa_mattress-size-taille-queen","23":"pa_mattress-size-taille-simple","24":"pa_mattress-size-taille-simple-xl","27":"instock","28":"taxable","29":"shipping-taxable","30":"purchasable","31":"product-type-variable"},"acf":[],"_links":{"self":[{"href":"https:\/\/www.matelaslapensee.ca\/fr\/wp-json\/wp\/v2\/product\/6574","targetHints":{"allow":["GET"]}}],"collection":[{"href":"https:\/\/www.matelaslapensee.ca\/fr\/wp-json\/wp\/v2\/product"}],"about":[{"href":"https:\/\/www.matelaslapensee.ca\/fr\/wp-json\/wp\/v2\/types\/product"}],"replies":[{"embeddable":true,"href":"https:\/\/www.matelaslapensee.ca\/fr\/wp-json\/wp\/v2\/comments?post=6574"}],"wp:featuredmedia":[{"embeddable":true,"href":"https:\/\/www.matelaslapensee.ca\/fr\/wp-json\/wp\/v2\/media\/6144"}],"wp:attachment":[{"href":"https:\/\/www.matelaslapensee.ca\/fr\/wp-json\/wp\/v2\/media?parent=6574"}],"wp:term":[{"taxonomy":"product_brand","embeddable":true,"href":"https:\/\/www.matelaslapensee.ca\/fr\/wp-json\/wp\/v2\/product_brand?post=6574"},{"taxonomy":"product_cat","embeddable":true,"href":"https:\/\/www.matelaslapensee.ca\/fr\/wp-json\/wp\/v2\/product_cat?post=6574"},{"taxonomy":"product_tag","embeddable":true,"href":"https:\/\/www.matelaslapensee.ca\/fr\/wp-json\/wp\/v2\/product_tag?post=6574"}],"curies":[{"name":"wp","href":"https:\/\/api.w.org\/{rel}","templated":true}]}}