{"id":7927,"date":"2019-08-07T15:22:07","date_gmt":"2019-08-07T15:22:07","guid":{"rendered":"https:\/\/www.matelaslapensee.ca\/product\/matela-excellence\/"},"modified":"2024-05-14T10:09:52","modified_gmt":"2024-05-14T14:09:52","slug":"matelas-excellence-mousse","status":"publish","type":"product","link":"https:\/\/www.matelaslapensee.ca\/fr\/produit\/matelas-excellence-mousse\/","title":{"rendered":"Matelas Excellence en mousse"},"content":{"rendered":"<p>Cette collection est d\u2019une qualit\u00e9 impeccable. Avec une fabrication minutieuse et des mati\u00e8res premi\u00e8res choisies avec le plus grand soin, la gamme Excellence offre une qualit\u00e9 et un confort luxueux incomparable en combinant les plus hautes qualit\u00e9s de mousse et de ressorts ensach\u00e9s. Excellence est un mod\u00e8le exemplaire pour votre chambre des Ma\u00eetres! Les matelas sont d\u2019une largeur de 12 pouces, parfaits pour les bases de lit ajustables, et ils sont garantis pendant 15 ans.<\/p>\n<ul>\n<li class=\"list-soya\"><strong>12&#8243; de Mousse de haute performance<\/strong>: Offre le meilleur confort de m\u00eame que le meilleur soutien. Avec une construction de qualit\u00e9 unique \u00e0 Matelas Lapens\u00e9e, cette mousse de tr\u00e8s haute r\u00e9sistance est la plus durable sur le march\u00e9!<\/li>\n<li class=\"list-reverse\"><strong>R\u00e9versible<\/strong>: La mousse confort est pr\u00e9sente sur les deux c\u00f4t\u00e9s du matelas pour permettre une rotation de la t\u00eate aux pieds ainsi qu\u2019une rotation compl\u00e8te d\u2019un c\u00f4t\u00e9 \u00e0 l\u2019autre, ce qui assure une vie plus longue et plus confortable \u00e0 votre matelas.<\/li>\n<li><b>La technologie Maxbreeze\u00ae<\/b>: Dormez au sec et en sant\u00e9 avec la technologie MaxBreeze\u00ae! Elle est con\u00e7ue pour \u00e9liminer l\u2019humidit\u00e9 et la chaleur, vous laissant avec une surface de sommeil fra\u00eeche et s\u00e8che. Lorsque vous avez chaud, MaxBreeze\u2122 absorbe l\u2019exc\u00e8s de chaleur. Lorsque vous avez froid, MaxBreeze\u2122 lib\u00e8re la chaleur de sorte que vous restez confortable. C\u2019est donc bien plus qu\u2019un lit, c\u2019est un environnement contr\u00f4l\u00e9 thermiquement.<\/li>\n<li><b>Tissu Tencel<\/b>: Tencel est une fibre naturelle tr\u00e8s flexible. Ses propri\u00e9t\u00e9s uniques sont de grande r\u00e9sistance et respirabilit\u00e9. Les fibres Tencel sont biod\u00e9gradables et produites \u00e0 partir de bois naturel brut en utilisant des proc\u00e9d\u00e9s respectueux de l\u2019environnement.<\/li>\n<li class=\"list-transfert-mouvement\"><strong>Aucun transfert de mouvement<\/strong><\/li>\n<li class=\"list-aeration\"><strong>A\u00e9ration accrue<\/strong>: Le matelas est con\u00e7u pour laisser l\u2019air circuler facilement ce qui permet un sommeil au frais et au sec.<\/li>\n<li class=\"list-certipur\"><strong>Certifi\u00e9 Certi-Pur US<\/strong>: Notre mousse pure et le contenu du matelas sont test\u00e9s pour d\u00e9terminer sa performance pour un corps et une \u00e2me plus en sant\u00e9. \u00a0Plus d\u2019informations sur <a href=\"http:\/\/www.certipur.us\/\" target=\"_blank\" rel=\"noopener noreferrer\">certipur.us<\/a><\/li>\n<\/ul>\n<p>Toutes les dimensions sont sujettes \u00e0 une variation standard dans l\u2019industrie de +\/- 0.5\u201d (1.27 cm)<\/p>\n<p><strong>12 VERSEMENTS \u00c9GAUX SANS INT\u00c9R\u00caT<\/strong><\/p>\n<p>Une bonne option s\u2019offre \u00e0 vous: payer en 12 versements mensuels \u00e9gaux sans int\u00e9r\u00eats gr\u00e2ce au financement Flexiti. Il suffit de remplir un simple formulaire et vous pourrez compl\u00e9ter votre transaction pour profiter de votre nouveau matelas sans soucis!<\/p>\n<p>N\u2019h\u00e9sitez pas \u00e0 discuter avec nous du financement Flexiti.<\/p>\n<p>*Sur approbation du cr\u00e9dit pour tout achat de matelas.<\/p>\n<p><img decoding=\"async\" class=\"alignnone size-full wp-image-17994\" src=\"https:\/\/www.matelaslapensee.ca\/wp-content\/uploads\/2022\/05\/flexiti-logo.png\" alt=\"\" width=\"250\" height=\"80\" \/><\/p>\n","protected":false},"excerpt":{"rendered":"<p>Cette collection est d\u2019une qualit\u00e9 impeccable. Avec une fabrication minutieuse et des mati\u00e8res premi\u00e8res choisies avec le plus grand soin, la gamme Excellence offre une qualit\u00e9 et un confort luxueux incomparable en combinant les plus hautes qualit\u00e9s de mousse et de ressorts ensach\u00e9s. Excellence est un mod\u00e8le exemplaire pour votre chambre des Ma\u00eetres! Les matelas &hellip; <a href=\"https:\/\/www.matelaslapensee.ca\/fr\/produit\/matelas-excellence-mousse\/\" class=\"more-link\">En savoir plus <span class=\"screen-reader-text\">Matelas Excellence en mousse<\/span><\/a><\/p>\n","protected":false},"featured_media":6118,"comment_status":"closed","ping_status":"closed","template":"","meta":{"_acf_changed":false},"product_brand":[],"product_cat":[172],"product_tag":[],"class_list":{"0":"post-7927","1":"product","2":"type-product","3":"status-publish","4":"has-post-thumbnail","6":"product_cat-matelas-en-mousses","7":"product_shipping_class-matelas","8":"pa_compare-coil-count-non-applicable","9":"pa_compare-comfort-oui2","10":"pa_compare-density-3-livres","11":"pa_compare-quilt-technologie-celliant","12":"pa_compare-warranty-20-ans","13":"pa_mattress-box-ajouter-un-sommier","14":"pa_mattress-box-ajouter-base-ajustable-e4","15":"pa_mattress-box-ajouter-base-ergomotion-e6","16":"pa_mattress-box-matelas-seulement","17":"pa_mattress-comfort-latex-naturel","18":"pa_mattress-comfort-mousse-memoire","19":"pa_mattress-comfort-mousse-de-soya","20":"pa_mattress-firmness-ferme","21":"pa_mattress-firmness-souple","22":"pa_mattress-firmness-tres-ferme","23":"pa_mattress-size-taille-double","24":"pa_mattress-size-taille-king","25":"pa_mattress-size-taille-queen","26":"pa_mattress-size-taille-simple","27":"pa_mattress-size-taille-simple-xl","30":"instock","31":"taxable","32":"shipping-taxable","33":"purchasable","34":"product-type-variable"},"acf":[],"_links":{"self":[{"href":"https:\/\/www.matelaslapensee.ca\/fr\/wp-json\/wp\/v2\/product\/7927","targetHints":{"allow":["GET"]}}],"collection":[{"href":"https:\/\/www.matelaslapensee.ca\/fr\/wp-json\/wp\/v2\/product"}],"about":[{"href":"https:\/\/www.matelaslapensee.ca\/fr\/wp-json\/wp\/v2\/types\/product"}],"replies":[{"embeddable":true,"href":"https:\/\/www.matelaslapensee.ca\/fr\/wp-json\/wp\/v2\/comments?post=7927"}],"wp:featuredmedia":[{"embeddable":true,"href":"https:\/\/www.matelaslapensee.ca\/fr\/wp-json\/wp\/v2\/media\/6118"}],"wp:attachment":[{"href":"https:\/\/www.matelaslapensee.ca\/fr\/wp-json\/wp\/v2\/media?parent=7927"}],"wp:term":[{"taxonomy":"product_brand","embeddable":true,"href":"https:\/\/www.matelaslapensee.ca\/fr\/wp-json\/wp\/v2\/product_brand?post=7927"},{"taxonomy":"product_cat","embeddable":true,"href":"https:\/\/www.matelaslapensee.ca\/fr\/wp-json\/wp\/v2\/product_cat?post=7927"},{"taxonomy":"product_tag","embeddable":true,"href":"https:\/\/www.matelaslapensee.ca\/fr\/wp-json\/wp\/v2\/product_tag?post=7927"}],"curies":[{"name":"wp","href":"https:\/\/api.w.org\/{rel}","templated":true}]}}